{"id":47,"date":"2017-10-19T15:23:23","date_gmt":"2017-10-19T15:23:23","guid":{"rendered":"https:\/\/www.taptoebrussels.com\/?page_id=47"},"modified":"2017-11-27T12:16:27","modified_gmt":"2017-11-27T12:16:27","slug":"wat-is-taptoe-brussels","status":"publish","type":"page","link":"https:\/\/www.taptoebrussels.com\/fr\/wat-is-taptoe-brussels\/","title":{"rendered":"Qu\u2019est-ce \u201cTaptoe Brussels \u201d ?"},"content":{"rendered":"<p>Cela fait des ann\u00e9es que la Grand Place de Bruxelles attire des milliers de touristes. De tous les coins de notre plan\u00e8te ils viennent pour admirer ce patrimoine historique sans pareil.<br \/>\nA chaque fois ce site unique se voit couvert d\u2019\u00e9loges.<\/p>\n<p>C\u2019est dans l\u2019ann\u00e9e 2001 que La F\u00e9d\u00e9ration Royale Musicale de la R\u00e9gion BruxellesCapitale a pris l\u2019initiative d\u2019organiser un \u00ab Taptoe International \u00bb \u00e0 la Grand-Place de<br \/>\nBruxelles. Au d\u00e9but, l\u2019\u00e9v\u00e8nement \u00e9tait annonc\u00e9 simplement : \u00ab Taptoe International \u00bb ce qui est maintentant bien connu comme \u00ab Taptoe Brussels \u00bb.<\/p>\n<p>Entretemps Taptoe Brussels a obtenu une bonne r\u00e9putation tant \u00e0 l&rsquo;int\u00e9rieur du pays qu\u2019\u00e0 l&rsquo;\u00e9tranger.<\/p>\n<p>L\u2019alliage de chapelles musicales nationales et internationales talentueuses avec les habitations historiques en style renaissance flamande r\u00e9sulte en un spectacle Bruxellois unique.<\/p>\n<p>\u00ab Taptoe Brussels \u00bb est devenu un \u00e9v\u00e9nement qui contribue \u00e0 l\u2019image nationale et internationale de la R\u00e9gion de BruxellesCapitale<\/p>","protected":false},"excerpt":{"rendered":"<p>Cela fait des ann\u00e9es que la Grand Place de Bruxelles attire des milliers de touristes. De tous les coins de notre plan\u00e8te ils viennent pour admirer ce patrimoine historique sans pareil. A chaque fois ce site unique se voit couvert d\u2019\u00e9loges. C\u2019est dans l\u2019ann\u00e9e 2001 que La F\u00e9d\u00e9ration Royale Musicale de la R\u00e9gion BruxellesCapitale a [&hellip;]<\/p>\n","protected":false},"author":1,"featured_media":0,"parent":0,"menu_order":0,"comment_status":"closed","ping_status":"closed","template":"","meta":{"footnotes":""},"class_list":["post-47","page","type-page","status-publish","hentry","post"],"yoast_head":"<!-- This site is optimized with the Yoast SEO plugin v23.9 - https:\/\/yoast.com\/wordpress\/plugins\/seo\/ -->\n<title>Qu\u2019est-ce \u201cTaptoe Brussels \u201d ? &#8211;<\/title>\n<meta name=\"robots\" content=\"index, follow, max-snippet:-1, max-image-preview:large, max-video-preview:-1\" \/>\n<link rel=\"canonical\" href=\"https:\/\/www.taptoebrussels.com\/fr\/wat-is-taptoe-brussels\/\" \/>\n<meta property=\"og:locale\" content=\"fr_FR\" \/>\n<meta property=\"og:type\" content=\"article\" \/>\n<meta property=\"og:title\" content=\"[:nl]Wat is Taptoe Brussels?[:fr]Qu\u2019est-ce \u201cTaptoe Brussels \u201d ?[:en]What is \u201c Taptoe Brussels \u201d ?[:] &#8211;\" \/>\n<meta property=\"og:description\" content=\"Cela fait des ann\u00e9es que la Grand Place de Bruxelles attire des milliers de touristes. De tous les coins de notre plan\u00e8te ils viennent pour admirer ce patrimoine historique sans pareil. A chaque fois ce site unique se voit couvert d\u2019\u00e9loges. C\u2019est dans l\u2019ann\u00e9e 2001 que La F\u00e9d\u00e9ration Royale Musicale de la R\u00e9gion BruxellesCapitale a [&hellip;]\" \/>\n<meta property=\"og:url\" content=\"https:\/\/www.taptoebrussels.com\/fr\/wat-is-taptoe-brussels\/\" \/>\n<meta property=\"article:publisher\" content=\"https:\/\/www.facebook.com\/TaptoeBrussels\/\" \/>\n<meta property=\"article:modified_time\" content=\"2017-11-27T12:16:27+00:00\" \/>\n<meta name=\"twitter:card\" content=\"summary_large_image\" \/>\n<meta name=\"twitter:label1\" content=\"Dur\u00e9e de lecture estim\u00e9e\" \/>\n\t<meta name=\"twitter:data1\" content=\"2 minutes\" \/>\n<script type=\"application\/ld+json\" class=\"yoast-schema-graph\">{\"@context\":\"https:\/\/schema.org\",\"@graph\":[{\"@type\":\"WebPage\",\"@id\":\"https:\/\/www.taptoebrussels.com\/fr\/wat-is-taptoe-brussels\/\",\"url\":\"https:\/\/www.taptoebrussels.com\/fr\/wat-is-taptoe-brussels\/\",\"name\":\"[:nl]Wat is Taptoe Brussels?[:fr]Qu\u2019est-ce \u201cTaptoe Brussels \u201d ?[:en]What is \u201c Taptoe Brussels \u201d ?[:] &#8211;\",\"isPartOf\":{\"@id\":\"https:\/\/www.taptoebrussels.com\/#website\"},\"datePublished\":\"2017-10-19T15:23:23+00:00\",\"dateModified\":\"2017-11-27T12:16:27+00:00\",\"breadcrumb\":{\"@id\":\"https:\/\/www.taptoebrussels.com\/fr\/wat-is-taptoe-brussels\/#breadcrumb\"},\"inLanguage\":\"fr-FR\",\"potentialAction\":[{\"@type\":\"ReadAction\",\"target\":[\"https:\/\/www.taptoebrussels.com\/fr\/wat-is-taptoe-brussels\/\"]}]},{\"@type\":\"BreadcrumbList\",\"@id\":\"https:\/\/www.taptoebrussels.com\/fr\/wat-is-taptoe-brussels\/#breadcrumb\",\"itemListElement\":[{\"@type\":\"ListItem\",\"position\":1,\"name\":\"Home\",\"item\":\"https:\/\/www.taptoebrussels.com\/\"},{\"@type\":\"ListItem\",\"position\":2,\"name\":\"What is \u201c Taptoe Brussels \u201d ?\"}]},{\"@type\":\"WebSite\",\"@id\":\"https:\/\/www.taptoebrussels.com\/#website\",\"url\":\"https:\/\/www.taptoebrussels.com\/\",\"name\":\"\",\"description\":\"\",\"publisher\":{\"@id\":\"https:\/\/www.taptoebrussels.com\/#organization\"},\"potentialAction\":[{\"@type\":\"SearchAction\",\"target\":{\"@type\":\"EntryPoint\",\"urlTemplate\":\"https:\/\/www.taptoebrussels.com\/?s={search_term_string}\"},\"query-input\":{\"@type\":\"PropertyValueSpecification\",\"valueRequired\":true,\"valueName\":\"search_term_string\"}}],\"inLanguage\":\"fr-FR\"},{\"@type\":\"Organization\",\"@id\":\"https:\/\/www.taptoebrussels.com\/#organization\",\"name\":\"Taptoe Brussels\",\"url\":\"https:\/\/www.taptoebrussels.com\/\",\"logo\":{\"@type\":\"ImageObject\",\"inLanguage\":\"fr-FR\",\"@id\":\"https:\/\/www.taptoebrussels.com\/#\/schema\/logo\/image\/\",\"url\":\"https:\/\/www.taptoebrussels.com\/wp-content\/uploads\/2017\/10\/logo-Taptoe-Brussels-zonder-achtergrond.jpeg\",\"contentUrl\":\"https:\/\/www.taptoebrussels.com\/wp-content\/uploads\/2017\/10\/logo-Taptoe-Brussels-zonder-achtergrond.jpeg\",\"width\":567,\"height\":426,\"caption\":\"Taptoe Brussels\"},\"image\":{\"@id\":\"https:\/\/www.taptoebrussels.com\/#\/schema\/logo\/image\/\"},\"sameAs\":[\"https:\/\/www.facebook.com\/TaptoeBrussels\/\",\"https:\/\/www.youtube.com\/user\/muziekfederatie\"]}]}<\/script>\n<!-- \/ Yoast SEO plugin. -->","yoast_head_json":{"title":"[:nl]Wat is Taptoe Brussels?[:fr]Qu\u2019est-ce \u201cTaptoe Brussels \u201d ?[:en]What is \u201c Taptoe Brussels \u201d ?[:] &#8211;","robots":{"index":"index","follow":"follow","max-snippet":"max-snippet:-1","max-image-preview":"max-image-preview:large","max-video-preview":"max-video-preview:-1"},"canonical":"https:\/\/www.taptoebrussels.com\/fr\/wat-is-taptoe-brussels\/","og_locale":"fr_FR","og_type":"article","og_title":"[:nl]Wat is Taptoe Brussels?[:fr]Qu\u2019est-ce \u201cTaptoe Brussels \u201d ?[:en]What is \u201c Taptoe Brussels \u201d ?[:] &#8211;","og_description":"Cela fait des ann\u00e9es que la Grand Place de Bruxelles attire des milliers de touristes. De tous les coins de notre plan\u00e8te ils viennent pour admirer ce patrimoine historique sans pareil. A chaque fois ce site unique se voit couvert d\u2019\u00e9loges. C\u2019est dans l\u2019ann\u00e9e 2001 que La F\u00e9d\u00e9ration Royale Musicale de la R\u00e9gion BruxellesCapitale a [&hellip;]","og_url":"https:\/\/www.taptoebrussels.com\/fr\/wat-is-taptoe-brussels\/","article_publisher":"https:\/\/www.facebook.com\/TaptoeBrussels\/","article_modified_time":"2017-11-27T12:16:27+00:00","twitter_card":"summary_large_image","twitter_misc":{"Dur\u00e9e de lecture estim\u00e9e":"2 minutes"},"schema":{"@context":"https:\/\/schema.org","@graph":[{"@type":"WebPage","@id":"https:\/\/www.taptoebrussels.com\/fr\/wat-is-taptoe-brussels\/","url":"https:\/\/www.taptoebrussels.com\/fr\/wat-is-taptoe-brussels\/","name":"[:nl]Wat is Taptoe Brussels?[:fr]Qu\u2019est-ce \u201cTaptoe Brussels \u201d ?[:en]What is \u201c Taptoe Brussels \u201d ?[:] &#8211;","isPartOf":{"@id":"https:\/\/www.taptoebrussels.com\/#website"},"datePublished":"2017-10-19T15:23:23+00:00","dateModified":"2017-11-27T12:16:27+00:00","breadcrumb":{"@id":"https:\/\/www.taptoebrussels.com\/fr\/wat-is-taptoe-brussels\/#breadcrumb"},"inLanguage":"fr-FR","potentialAction":[{"@type":"ReadAction","target":["https:\/\/www.taptoebrussels.com\/fr\/wat-is-taptoe-brussels\/"]}]},{"@type":"BreadcrumbList","@id":"https:\/\/www.taptoebrussels.com\/fr\/wat-is-taptoe-brussels\/#breadcrumb","itemListElement":[{"@type":"ListItem","position":1,"name":"Home","item":"https:\/\/www.taptoebrussels.com\/"},{"@type":"ListItem","position":2,"name":"What is \u201c Taptoe Brussels \u201d ?"}]},{"@type":"WebSite","@id":"https:\/\/www.taptoebrussels.com\/#website","url":"https:\/\/www.taptoebrussels.com\/","name":"","description":"","publisher":{"@id":"https:\/\/www.taptoebrussels.com\/#organization"},"potentialAction":[{"@type":"SearchAction","target":{"@type":"EntryPoint","urlTemplate":"https:\/\/www.taptoebrussels.com\/?s={search_term_string}"},"query-input":{"@type":"PropertyValueSpecification","valueRequired":true,"valueName":"search_term_string"}}],"inLanguage":"fr-FR"},{"@type":"Organization","@id":"https:\/\/www.taptoebrussels.com\/#organization","name":"Taptoe Brussels","url":"https:\/\/www.taptoebrussels.com\/","logo":{"@type":"ImageObject","inLanguage":"fr-FR","@id":"https:\/\/www.taptoebrussels.com\/#\/schema\/logo\/image\/","url":"https:\/\/www.taptoebrussels.com\/wp-content\/uploads\/2017\/10\/logo-Taptoe-Brussels-zonder-achtergrond.jpeg","contentUrl":"https:\/\/www.taptoebrussels.com\/wp-content\/uploads\/2017\/10\/logo-Taptoe-Brussels-zonder-achtergrond.jpeg","width":567,"height":426,"caption":"Taptoe Brussels"},"image":{"@id":"https:\/\/www.taptoebrussels.com\/#\/schema\/logo\/image\/"},"sameAs":["https:\/\/www.facebook.com\/TaptoeBrussels\/","https:\/\/www.youtube.com\/user\/muziekfederatie"]}]}},"jetpack_sharing_enabled":true,"_links":{"self":[{"href":"https:\/\/www.taptoebrussels.com\/fr\/wp-json\/wp\/v2\/pages\/47","targetHints":{"allow":["GET"]}}],"collection":[{"href":"https:\/\/www.taptoebrussels.com\/fr\/wp-json\/wp\/v2\/pages"}],"about":[{"href":"https:\/\/www.taptoebrussels.com\/fr\/wp-json\/wp\/v2\/types\/page"}],"author":[{"embeddable":true,"href":"https:\/\/www.taptoebrussels.com\/fr\/wp-json\/wp\/v2\/users\/1"}],"replies":[{"embeddable":true,"href":"https:\/\/www.taptoebrussels.com\/fr\/wp-json\/wp\/v2\/comments?post=47"}],"version-history":[{"count":4,"href":"https:\/\/www.taptoebrussels.com\/fr\/wp-json\/wp\/v2\/pages\/47\/revisions"}],"predecessor-version":[{"id":151,"href":"https:\/\/www.taptoebrussels.com\/fr\/wp-json\/wp\/v2\/pages\/47\/revisions\/151"}],"wp:attachment":[{"href":"https:\/\/www.taptoebrussels.com\/fr\/wp-json\/wp\/v2\/media?parent=47"}],"curies":[{"name":"wp","href":"https:\/\/api.w.org\/{rel}","templated":true}]}}