{"id":3194,"date":"2019-07-26T08:51:22","date_gmt":"2019-07-26T08:51:22","guid":{"rendered":"https:\/\/www.taptoebrussels.com\/?page_id=3194"},"modified":"2019-07-26T08:51:22","modified_gmt":"2019-07-26T08:51:22","slug":"ons-verlangen-beverst-bilzen-belgie","status":"publish","type":"page","link":"https:\/\/www.taptoebrussels.com\/fr\/ons-verlangen-beverst-bilzen-belgie\/","title":{"rendered":"Ons Verlangen \u2013 Beverst (Bilzen \u2013 Belgique)"},"content":{"rendered":"<p><img loading=\"lazy\" decoding=\"async\" class=\"alignnone wp-image-3195\" src=\"https:\/\/www.taptoebrussels.com\/wp-content\/uploads\/2019\/07\/Ons-Verlangen-Beverst_Marching02_HQ-300x200.jpg\" alt=\"\" width=\"395\" height=\"263\" srcset=\"https:\/\/www.taptoebrussels.com\/wp-content\/uploads\/2019\/07\/Ons-Verlangen-Beverst_Marching02_HQ-300x200.jpg 300w, https:\/\/www.taptoebrussels.com\/wp-content\/uploads\/2019\/07\/Ons-Verlangen-Beverst_Marching02_HQ-768x512.jpg 768w, https:\/\/www.taptoebrussels.com\/wp-content\/uploads\/2019\/07\/Ons-Verlangen-Beverst_Marching02_HQ-1024x683.jpg 1024w, https:\/\/www.taptoebrussels.com\/wp-content\/uploads\/2019\/07\/Ons-Verlangen-Beverst_Marching02_HQ-272x182.jpg 272w\" sizes=\"auto, (max-width: 395px) 100vw, 395px\" \/><\/p>\n<p><span style=\"color: #000000;\">L\u2019Harmonie Royale \u2018Ons Verlangen\u2019 de Beverst (Bilzen, Limbourg Belgique), est une combinaison unique d\u2019un orchestre harmonie, percussion et cornemuses, au total 90 musiciens dans le style d\u2019ensembles militaires Anglais.<\/span><\/p>\n<p><span style=\"color: #000000;\">Fond\u00e9e en 1910 comme fanfare avec pour but de donner \u00e0 la jeunesse une agr\u00e9able occupation des loisirs. Apr\u00e8s la lib\u00e9ration en 1944 la fanfare a \u00e9t\u00e9 transform\u00e9e en une harmonie. 1953 fut une ann\u00e9e historique pour \u201cOns Verlangen\u201d. La soci\u00e9t\u00e9 joue \u00e0 Hasselt \u00e0 l\u2019occasion de la Joyeuse Entr\u00e9e du jeune roi Baudoin et, ceci pour la premi\u00e8re fois en nouvel uniforme.<\/span><\/p>\n<p><span style=\"color: #000000;\">En 1955 \u2018Ons Verlangen\u2019 cr\u00e9a un ensemble de tambours uniquement f\u00e9minins.<\/span><\/p>\n<p><span style=\"color: #000000;\">Depuis 1967 \u2018Ons Verlangen\u2019 a l\u2019unique combinaison d\u2019une harmonie et joueurs de cornemuses. La Comtesse Nathalie de Renesse leur a fourni le droit de porter l\u2019embl\u00e8me familial.<\/span><br \/>\n<span style=\"color: #000000;\">Parmi leurs nombreuses performances de \u2018Ons Verlangen\u2019 on note leurs ex\u00e9cutions du \u2018Last Post\u2019 ; Porte de Menin \u00e0 Ypres.<\/span><\/p>","protected":false},"excerpt":{"rendered":"<p>L\u2019Harmonie Royale \u2018Ons Verlangen\u2019 de Beverst (Bilzen, Limbourg Belgique), est une combinaison unique d\u2019un orchestre harmonie, percussion et cornemuses, au total 90 musiciens dans le style d\u2019ensembles militaires Anglais. Fond\u00e9e en 1910 comme fanfare avec pour but de donner \u00e0 la jeunesse une agr\u00e9able occupation des loisirs. Apr\u00e8s la lib\u00e9ration en 1944 la fanfare a [&hellip;]<\/p>\n","protected":false},"author":1,"featured_media":0,"parent":0,"menu_order":0,"comment_status":"closed","ping_status":"closed","template":"","meta":{"footnotes":""},"class_list":["post-3194","page","type-page","status-publish","hentry","post"],"yoast_head":"<!-- This site is optimized with the Yoast SEO plugin v23.9 - https:\/\/yoast.com\/wordpress\/plugins\/seo\/ -->\n<title>Ons Verlangen \u2013 Beverst (Bilzen \u2013 Belgique) &#8211;<\/title>\n<meta name=\"robots\" content=\"index, follow, max-snippet:-1, max-image-preview:large, max-video-preview:-1\" \/>\n<link rel=\"canonical\" href=\"https:\/\/www.taptoebrussels.com\/ons-verlangen-beverst-bilzen-belgie\/\" \/>\n<meta property=\"og:locale\" content=\"fr_FR\" \/>\n<meta property=\"og:type\" content=\"article\" \/>\n<meta property=\"og:title\" content=\"[:nl]Ons Verlangen \u2013 Beverst (Bilzen \u2013 Belgi\u00eb)[:fr]Ons Verlangen \u2013 Beverst (Bilzen \u2013 Belgique)[:] &#8211;\" \/>\n<meta property=\"og:description\" content=\"L\u2019Harmonie Royale \u2018Ons Verlangen\u2019 de Beverst (Bilzen, Limbourg Belgique), est une combinaison unique d\u2019un orchestre harmonie, percussion et cornemuses, au total 90 musiciens dans le style d\u2019ensembles militaires Anglais. Fond\u00e9e en 1910 comme fanfare avec pour but de donner \u00e0 la jeunesse une agr\u00e9able occupation des loisirs. Apr\u00e8s la lib\u00e9ration en 1944 la fanfare a [&hellip;]\" \/>\n<meta property=\"og:url\" content=\"https:\/\/www.taptoebrussels.com\/ons-verlangen-beverst-bilzen-belgie\/\" \/>\n<meta property=\"article:publisher\" content=\"https:\/\/www.facebook.com\/TaptoeBrussels\/\" \/>\n<meta property=\"og:image\" content=\"https:\/\/www.taptoebrussels.com\/wp-content\/uploads\/2019\/07\/Ons-Verlangen-Beverst_Marching02_HQ-300x200.jpg\" \/>\n<meta name=\"twitter:card\" content=\"summary_large_image\" \/>\n<meta name=\"twitter:label1\" content=\"Dur\u00e9e de lecture estim\u00e9e\" \/>\n\t<meta name=\"twitter:data1\" content=\"2 minutes\" \/>\n<script type=\"application\/ld+json\" class=\"yoast-schema-graph\">{\"@context\":\"https:\/\/schema.org\",\"@graph\":[{\"@type\":\"WebPage\",\"@id\":\"https:\/\/www.taptoebrussels.com\/ons-verlangen-beverst-bilzen-belgie\/\",\"url\":\"https:\/\/www.taptoebrussels.com\/ons-verlangen-beverst-bilzen-belgie\/\",\"name\":\"[:nl]Ons Verlangen \u2013 Beverst (Bilzen \u2013 Belgi\u00eb)[:fr]Ons Verlangen \u2013 Beverst (Bilzen \u2013 Belgique)[:] &#8211;\",\"isPartOf\":{\"@id\":\"https:\/\/www.taptoebrussels.com\/#website\"},\"primaryImageOfPage\":{\"@id\":\"https:\/\/www.taptoebrussels.com\/ons-verlangen-beverst-bilzen-belgie\/#primaryimage\"},\"image\":{\"@id\":\"https:\/\/www.taptoebrussels.com\/ons-verlangen-beverst-bilzen-belgie\/#primaryimage\"},\"thumbnailUrl\":\"https:\/\/www.taptoebrussels.com\/wp-content\/uploads\/2019\/07\/Ons-Verlangen-Beverst_Marching02_HQ-300x200.jpg\",\"datePublished\":\"2019-07-26T08:51:22+00:00\",\"dateModified\":\"2019-07-26T08:51:22+00:00\",\"breadcrumb\":{\"@id\":\"https:\/\/www.taptoebrussels.com\/ons-verlangen-beverst-bilzen-belgie\/#breadcrumb\"},\"inLanguage\":\"fr-FR\",\"potentialAction\":[{\"@type\":\"ReadAction\",\"target\":[\"https:\/\/www.taptoebrussels.com\/ons-verlangen-beverst-bilzen-belgie\/\"]}]},{\"@type\":\"ImageObject\",\"inLanguage\":\"fr-FR\",\"@id\":\"https:\/\/www.taptoebrussels.com\/ons-verlangen-beverst-bilzen-belgie\/#primaryimage\",\"url\":\"https:\/\/www.taptoebrussels.com\/wp-content\/uploads\/2019\/07\/Ons-Verlangen-Beverst_Marching02_HQ-300x200.jpg\",\"contentUrl\":\"https:\/\/www.taptoebrussels.com\/wp-content\/uploads\/2019\/07\/Ons-Verlangen-Beverst_Marching02_HQ-300x200.jpg\"},{\"@type\":\"BreadcrumbList\",\"@id\":\"https:\/\/www.taptoebrussels.com\/ons-verlangen-beverst-bilzen-belgie\/#breadcrumb\",\"itemListElement\":[{\"@type\":\"ListItem\",\"position\":1,\"name\":\"Home\",\"item\":\"https:\/\/www.taptoebrussels.com\/\"},{\"@type\":\"ListItem\",\"position\":2,\"name\":\"Ons Verlangen \u2013 Beverst (Bilzen \u2013 Belgi\u00eb)\"}]},{\"@type\":\"WebSite\",\"@id\":\"https:\/\/www.taptoebrussels.com\/#website\",\"url\":\"https:\/\/www.taptoebrussels.com\/\",\"name\":\"\",\"description\":\"\",\"publisher\":{\"@id\":\"https:\/\/www.taptoebrussels.com\/#organization\"},\"potentialAction\":[{\"@type\":\"SearchAction\",\"target\":{\"@type\":\"EntryPoint\",\"urlTemplate\":\"https:\/\/www.taptoebrussels.com\/?s={search_term_string}\"},\"query-input\":{\"@type\":\"PropertyValueSpecification\",\"valueRequired\":true,\"valueName\":\"search_term_string\"}}],\"inLanguage\":\"fr-FR\"},{\"@type\":\"Organization\",\"@id\":\"https:\/\/www.taptoebrussels.com\/#organization\",\"name\":\"Taptoe Brussels\",\"url\":\"https:\/\/www.taptoebrussels.com\/\",\"logo\":{\"@type\":\"ImageObject\",\"inLanguage\":\"fr-FR\",\"@id\":\"https:\/\/www.taptoebrussels.com\/#\/schema\/logo\/image\/\",\"url\":\"https:\/\/www.taptoebrussels.com\/wp-content\/uploads\/2017\/10\/logo-Taptoe-Brussels-zonder-achtergrond.jpeg\",\"contentUrl\":\"https:\/\/www.taptoebrussels.com\/wp-content\/uploads\/2017\/10\/logo-Taptoe-Brussels-zonder-achtergrond.jpeg\",\"width\":567,\"height\":426,\"caption\":\"Taptoe Brussels\"},\"image\":{\"@id\":\"https:\/\/www.taptoebrussels.com\/#\/schema\/logo\/image\/\"},\"sameAs\":[\"https:\/\/www.facebook.com\/TaptoeBrussels\/\",\"https:\/\/www.youtube.com\/user\/muziekfederatie\"]}]}<\/script>\n<!-- \/ Yoast SEO plugin. -->","yoast_head_json":{"title":"[:nl]Ons Verlangen \u2013 Beverst (Bilzen \u2013 Belgi\u00eb)[:fr]Ons Verlangen \u2013 Beverst (Bilzen \u2013 Belgique)[:] &#8211;","robots":{"index":"index","follow":"follow","max-snippet":"max-snippet:-1","max-image-preview":"max-image-preview:large","max-video-preview":"max-video-preview:-1"},"canonical":"https:\/\/www.taptoebrussels.com\/ons-verlangen-beverst-bilzen-belgie\/","og_locale":"fr_FR","og_type":"article","og_title":"[:nl]Ons Verlangen \u2013 Beverst (Bilzen \u2013 Belgi\u00eb)[:fr]Ons Verlangen \u2013 Beverst (Bilzen \u2013 Belgique)[:] &#8211;","og_description":"L\u2019Harmonie Royale \u2018Ons Verlangen\u2019 de Beverst (Bilzen, Limbourg Belgique), est une combinaison unique d\u2019un orchestre harmonie, percussion et cornemuses, au total 90 musiciens dans le style d\u2019ensembles militaires Anglais. Fond\u00e9e en 1910 comme fanfare avec pour but de donner \u00e0 la jeunesse une agr\u00e9able occupation des loisirs. Apr\u00e8s la lib\u00e9ration en 1944 la fanfare a [&hellip;]","og_url":"https:\/\/www.taptoebrussels.com\/ons-verlangen-beverst-bilzen-belgie\/","article_publisher":"https:\/\/www.facebook.com\/TaptoeBrussels\/","og_image":[{"url":"https:\/\/www.taptoebrussels.com\/wp-content\/uploads\/2019\/07\/Ons-Verlangen-Beverst_Marching02_HQ-300x200.jpg"}],"twitter_card":"summary_large_image","twitter_misc":{"Dur\u00e9e de lecture estim\u00e9e":"2 minutes"},"schema":{"@context":"https:\/\/schema.org","@graph":[{"@type":"WebPage","@id":"https:\/\/www.taptoebrussels.com\/ons-verlangen-beverst-bilzen-belgie\/","url":"https:\/\/www.taptoebrussels.com\/ons-verlangen-beverst-bilzen-belgie\/","name":"[:nl]Ons Verlangen \u2013 Beverst (Bilzen \u2013 Belgi\u00eb)[:fr]Ons Verlangen \u2013 Beverst (Bilzen \u2013 Belgique)[:] &#8211;","isPartOf":{"@id":"https:\/\/www.taptoebrussels.com\/#website"},"primaryImageOfPage":{"@id":"https:\/\/www.taptoebrussels.com\/ons-verlangen-beverst-bilzen-belgie\/#primaryimage"},"image":{"@id":"https:\/\/www.taptoebrussels.com\/ons-verlangen-beverst-bilzen-belgie\/#primaryimage"},"thumbnailUrl":"https:\/\/www.taptoebrussels.com\/wp-content\/uploads\/2019\/07\/Ons-Verlangen-Beverst_Marching02_HQ-300x200.jpg","datePublished":"2019-07-26T08:51:22+00:00","dateModified":"2019-07-26T08:51:22+00:00","breadcrumb":{"@id":"https:\/\/www.taptoebrussels.com\/ons-verlangen-beverst-bilzen-belgie\/#breadcrumb"},"inLanguage":"fr-FR","potentialAction":[{"@type":"ReadAction","target":["https:\/\/www.taptoebrussels.com\/ons-verlangen-beverst-bilzen-belgie\/"]}]},{"@type":"ImageObject","inLanguage":"fr-FR","@id":"https:\/\/www.taptoebrussels.com\/ons-verlangen-beverst-bilzen-belgie\/#primaryimage","url":"https:\/\/www.taptoebrussels.com\/wp-content\/uploads\/2019\/07\/Ons-Verlangen-Beverst_Marching02_HQ-300x200.jpg","contentUrl":"https:\/\/www.taptoebrussels.com\/wp-content\/uploads\/2019\/07\/Ons-Verlangen-Beverst_Marching02_HQ-300x200.jpg"},{"@type":"BreadcrumbList","@id":"https:\/\/www.taptoebrussels.com\/ons-verlangen-beverst-bilzen-belgie\/#breadcrumb","itemListElement":[{"@type":"ListItem","position":1,"name":"Home","item":"https:\/\/www.taptoebrussels.com\/"},{"@type":"ListItem","position":2,"name":"Ons Verlangen \u2013 Beverst (Bilzen \u2013 Belgi\u00eb)"}]},{"@type":"WebSite","@id":"https:\/\/www.taptoebrussels.com\/#website","url":"https:\/\/www.taptoebrussels.com\/","name":"","description":"","publisher":{"@id":"https:\/\/www.taptoebrussels.com\/#organization"},"potentialAction":[{"@type":"SearchAction","target":{"@type":"EntryPoint","urlTemplate":"https:\/\/www.taptoebrussels.com\/?s={search_term_string}"},"query-input":{"@type":"PropertyValueSpecification","valueRequired":true,"valueName":"search_term_string"}}],"inLanguage":"fr-FR"},{"@type":"Organization","@id":"https:\/\/www.taptoebrussels.com\/#organization","name":"Taptoe Brussels","url":"https:\/\/www.taptoebrussels.com\/","logo":{"@type":"ImageObject","inLanguage":"fr-FR","@id":"https:\/\/www.taptoebrussels.com\/#\/schema\/logo\/image\/","url":"https:\/\/www.taptoebrussels.com\/wp-content\/uploads\/2017\/10\/logo-Taptoe-Brussels-zonder-achtergrond.jpeg","contentUrl":"https:\/\/www.taptoebrussels.com\/wp-content\/uploads\/2017\/10\/logo-Taptoe-Brussels-zonder-achtergrond.jpeg","width":567,"height":426,"caption":"Taptoe Brussels"},"image":{"@id":"https:\/\/www.taptoebrussels.com\/#\/schema\/logo\/image\/"},"sameAs":["https:\/\/www.facebook.com\/TaptoeBrussels\/","https:\/\/www.youtube.com\/user\/muziekfederatie"]}]}},"jetpack_sharing_enabled":true,"_links":{"self":[{"href":"https:\/\/www.taptoebrussels.com\/fr\/wp-json\/wp\/v2\/pages\/3194","targetHints":{"allow":["GET"]}}],"collection":[{"href":"https:\/\/www.taptoebrussels.com\/fr\/wp-json\/wp\/v2\/pages"}],"about":[{"href":"https:\/\/www.taptoebrussels.com\/fr\/wp-json\/wp\/v2\/types\/page"}],"author":[{"embeddable":true,"href":"https:\/\/www.taptoebrussels.com\/fr\/wp-json\/wp\/v2\/users\/1"}],"replies":[{"embeddable":true,"href":"https:\/\/www.taptoebrussels.com\/fr\/wp-json\/wp\/v2\/comments?post=3194"}],"version-history":[{"count":1,"href":"https:\/\/www.taptoebrussels.com\/fr\/wp-json\/wp\/v2\/pages\/3194\/revisions"}],"predecessor-version":[{"id":3196,"href":"https:\/\/www.taptoebrussels.com\/fr\/wp-json\/wp\/v2\/pages\/3194\/revisions\/3196"}],"wp:attachment":[{"href":"https:\/\/www.taptoebrussels.com\/fr\/wp-json\/wp\/v2\/media?parent=3194"}],"curies":[{"name":"wp","href":"https:\/\/api.w.org\/{rel}","templated":true}]}}