{"id":3191,"date":"2019-07-26T08:48:05","date_gmt":"2019-07-26T08:48:05","guid":{"rendered":"https:\/\/www.taptoebrussels.com\/?page_id=3191"},"modified":"2019-07-26T08:52:09","modified_gmt":"2019-07-26T08:52:09","slug":"royal-fasam-orchestra-doornik-belgie","status":"publish","type":"page","link":"https:\/\/www.taptoebrussels.com\/fr\/royal-fasam-orchestra-doornik-belgie\/","title":{"rendered":"Royal FASAM \u2013 Orchestra &#8211; Tournai  (Belgique)"},"content":{"rendered":"<p><img loading=\"lazy\" decoding=\"async\" class=\"alignnone wp-image-3192\" src=\"https:\/\/www.taptoebrussels.com\/wp-content\/uploads\/2019\/07\/FASAM-Copie-300x208.jpg\" alt=\"\" width=\"410\" height=\"284\" srcset=\"https:\/\/www.taptoebrussels.com\/wp-content\/uploads\/2019\/07\/FASAM-Copie-300x208.jpg 300w, https:\/\/www.taptoebrussels.com\/wp-content\/uploads\/2019\/07\/FASAM-Copie-768x532.jpg 768w, https:\/\/www.taptoebrussels.com\/wp-content\/uploads\/2019\/07\/FASAM-Copie-1024x709.jpg 1024w, https:\/\/www.taptoebrussels.com\/wp-content\/uploads\/2019\/07\/FASAM-Copie.jpg 1865w\" sizes=\"auto, (max-width: 410px) 100vw, 410px\" \/><\/p>\n<p><span style=\"color: #000000;\">La soci\u00e9t\u00e9 fut cr\u00e9\u00e9e en 1904 et a pris le nom du saint patron de la paroisse biz\u00e9toise : Fanfare St Andr\u00e9.<\/span><\/p>\n<p><span style=\"color: #000000;\">En 1970, elle change d\u2019uniforme et s\u2019adjoint un groupe de majorettes. Celles-ci donnent un nouvel \u00e9lan \u00e0 la soci\u00e9t\u00e9. Les majorettes obtiennent de beaux succ\u00e8s et notamment 6 titres de championnes de Belgique. Elles participeront avec la Fanfare \u00e0 deux championnats d\u2019Europe.<\/span><\/p>\n<p><span style=\"color: #000000;\">En 1987, sous l&rsquo;impulsion de Didier VANDESKELDE son nouveau directeur, la soci\u00e9t\u00e9 change de cap et s\u2019investit dans le show-parade et se transforme en marching-band. <\/span><\/p>\n<p><span style=\"color: #000000;\">En 1988, la fanfare St Andr\u00e9 prend le nom de Fasam Orchestra (de FAnfare St Andr\u00e9 et Majorettes) <\/span><\/p>\n<p><span style=\"color: #000000;\">En 2004, elle f\u00eate son 100\u00e8me anniversaire et obtient le titre de soci\u00e9t\u00e9 royale. En 2011, elle se s\u00e9pare des majorettes qui pour la plupart int\u00e8grent les rangs des musiciens. <\/span><\/p>\n<p><span style=\"color: #000000;\">Le Royal Fasam Orchestra se produit dans de nombreux Taptoe en Belgique, mais aussi dans de prestigieuses festivit\u00e9s \u00e0 l\u2019\u00e9tranger et notamment au Taptoe de Berlin.<\/span><\/p>","protected":false},"excerpt":{"rendered":"<p>La soci\u00e9t\u00e9 fut cr\u00e9\u00e9e en 1904 et a pris le nom du saint patron de la paroisse biz\u00e9toise : Fanfare St Andr\u00e9. En 1970, elle change d\u2019uniforme et s\u2019adjoint un groupe de majorettes. Celles-ci donnent un nouvel \u00e9lan \u00e0 la soci\u00e9t\u00e9. Les majorettes obtiennent de beaux succ\u00e8s et notamment 6 titres de championnes de Belgique. [&hellip;]<\/p>\n","protected":false},"author":1,"featured_media":0,"parent":0,"menu_order":0,"comment_status":"closed","ping_status":"closed","template":"","meta":{"footnotes":""},"class_list":["post-3191","page","type-page","status-publish","hentry","post"],"yoast_head":"<!-- This site is optimized with the Yoast SEO plugin v23.9 - https:\/\/yoast.com\/wordpress\/plugins\/seo\/ -->\n<title>Royal FASAM \u2013 Orchestra - Tournai (Belgique) &#8211;<\/title>\n<meta name=\"robots\" content=\"index, follow, max-snippet:-1, max-image-preview:large, max-video-preview:-1\" \/>\n<link rel=\"canonical\" href=\"https:\/\/www.taptoebrussels.com\/royal-fasam-orchestra-doornik-belgie\/\" \/>\n<meta property=\"og:locale\" content=\"fr_FR\" \/>\n<meta property=\"og:type\" content=\"article\" \/>\n<meta property=\"og:title\" content=\"[:nl]Royal FASAM \u2013 Orchestra - Doornik (Belgi\u00eb)[:fr]Royal FASAM \u2013 Orchestra - Tournai (Belgique)[:] &#8211;\" \/>\n<meta property=\"og:description\" content=\"La soci\u00e9t\u00e9 fut cr\u00e9\u00e9e en 1904 et a pris le nom du saint patron de la paroisse biz\u00e9toise : Fanfare St Andr\u00e9. En 1970, elle change d\u2019uniforme et s\u2019adjoint un groupe de majorettes. Celles-ci donnent un nouvel \u00e9lan \u00e0 la soci\u00e9t\u00e9. Les majorettes obtiennent de beaux succ\u00e8s et notamment 6 titres de championnes de Belgique. [&hellip;]\" \/>\n<meta property=\"og:url\" content=\"https:\/\/www.taptoebrussels.com\/royal-fasam-orchestra-doornik-belgie\/\" \/>\n<meta property=\"article:publisher\" content=\"https:\/\/www.facebook.com\/TaptoeBrussels\/\" \/>\n<meta property=\"article:modified_time\" content=\"2019-07-26T08:52:09+00:00\" \/>\n<meta property=\"og:image\" content=\"https:\/\/www.taptoebrussels.com\/wp-content\/uploads\/2019\/07\/FASAM-Copie-300x208.jpg\" \/>\n<meta name=\"twitter:card\" content=\"summary_large_image\" \/>\n<meta name=\"twitter:label1\" content=\"Dur\u00e9e de lecture estim\u00e9e\" \/>\n\t<meta name=\"twitter:data1\" content=\"1 minute\" \/>\n<script type=\"application\/ld+json\" class=\"yoast-schema-graph\">{\"@context\":\"https:\/\/schema.org\",\"@graph\":[{\"@type\":\"WebPage\",\"@id\":\"https:\/\/www.taptoebrussels.com\/royal-fasam-orchestra-doornik-belgie\/\",\"url\":\"https:\/\/www.taptoebrussels.com\/royal-fasam-orchestra-doornik-belgie\/\",\"name\":\"[:nl]Royal FASAM \u2013 Orchestra - Doornik (Belgi\u00eb)[:fr]Royal FASAM \u2013 Orchestra - Tournai (Belgique)[:] &#8211;\",\"isPartOf\":{\"@id\":\"https:\/\/www.taptoebrussels.com\/#website\"},\"primaryImageOfPage\":{\"@id\":\"https:\/\/www.taptoebrussels.com\/royal-fasam-orchestra-doornik-belgie\/#primaryimage\"},\"image\":{\"@id\":\"https:\/\/www.taptoebrussels.com\/royal-fasam-orchestra-doornik-belgie\/#primaryimage\"},\"thumbnailUrl\":\"https:\/\/www.taptoebrussels.com\/wp-content\/uploads\/2019\/07\/FASAM-Copie-300x208.jpg\",\"datePublished\":\"2019-07-26T08:48:05+00:00\",\"dateModified\":\"2019-07-26T08:52:09+00:00\",\"breadcrumb\":{\"@id\":\"https:\/\/www.taptoebrussels.com\/royal-fasam-orchestra-doornik-belgie\/#breadcrumb\"},\"inLanguage\":\"fr-FR\",\"potentialAction\":[{\"@type\":\"ReadAction\",\"target\":[\"https:\/\/www.taptoebrussels.com\/royal-fasam-orchestra-doornik-belgie\/\"]}]},{\"@type\":\"ImageObject\",\"inLanguage\":\"fr-FR\",\"@id\":\"https:\/\/www.taptoebrussels.com\/royal-fasam-orchestra-doornik-belgie\/#primaryimage\",\"url\":\"https:\/\/www.taptoebrussels.com\/wp-content\/uploads\/2019\/07\/FASAM-Copie-300x208.jpg\",\"contentUrl\":\"https:\/\/www.taptoebrussels.com\/wp-content\/uploads\/2019\/07\/FASAM-Copie-300x208.jpg\"},{\"@type\":\"BreadcrumbList\",\"@id\":\"https:\/\/www.taptoebrussels.com\/royal-fasam-orchestra-doornik-belgie\/#breadcrumb\",\"itemListElement\":[{\"@type\":\"ListItem\",\"position\":1,\"name\":\"Home\",\"item\":\"https:\/\/www.taptoebrussels.com\/\"},{\"@type\":\"ListItem\",\"position\":2,\"name\":\"Royal FASAM \u2013 Orchestra &#8211; Doornik (Belgi\u00eb)\"}]},{\"@type\":\"WebSite\",\"@id\":\"https:\/\/www.taptoebrussels.com\/#website\",\"url\":\"https:\/\/www.taptoebrussels.com\/\",\"name\":\"\",\"description\":\"\",\"publisher\":{\"@id\":\"https:\/\/www.taptoebrussels.com\/#organization\"},\"potentialAction\":[{\"@type\":\"SearchAction\",\"target\":{\"@type\":\"EntryPoint\",\"urlTemplate\":\"https:\/\/www.taptoebrussels.com\/?s={search_term_string}\"},\"query-input\":{\"@type\":\"PropertyValueSpecification\",\"valueRequired\":true,\"valueName\":\"search_term_string\"}}],\"inLanguage\":\"fr-FR\"},{\"@type\":\"Organization\",\"@id\":\"https:\/\/www.taptoebrussels.com\/#organization\",\"name\":\"Taptoe Brussels\",\"url\":\"https:\/\/www.taptoebrussels.com\/\",\"logo\":{\"@type\":\"ImageObject\",\"inLanguage\":\"fr-FR\",\"@id\":\"https:\/\/www.taptoebrussels.com\/#\/schema\/logo\/image\/\",\"url\":\"https:\/\/www.taptoebrussels.com\/wp-content\/uploads\/2017\/10\/logo-Taptoe-Brussels-zonder-achtergrond.jpeg\",\"contentUrl\":\"https:\/\/www.taptoebrussels.com\/wp-content\/uploads\/2017\/10\/logo-Taptoe-Brussels-zonder-achtergrond.jpeg\",\"width\":567,\"height\":426,\"caption\":\"Taptoe Brussels\"},\"image\":{\"@id\":\"https:\/\/www.taptoebrussels.com\/#\/schema\/logo\/image\/\"},\"sameAs\":[\"https:\/\/www.facebook.com\/TaptoeBrussels\/\",\"https:\/\/www.youtube.com\/user\/muziekfederatie\"]}]}<\/script>\n<!-- \/ Yoast SEO plugin. -->","yoast_head_json":{"title":"[:nl]Royal FASAM \u2013 Orchestra - Doornik (Belgi\u00eb)[:fr]Royal FASAM \u2013 Orchestra - Tournai (Belgique)[:] &#8211;","robots":{"index":"index","follow":"follow","max-snippet":"max-snippet:-1","max-image-preview":"max-image-preview:large","max-video-preview":"max-video-preview:-1"},"canonical":"https:\/\/www.taptoebrussels.com\/royal-fasam-orchestra-doornik-belgie\/","og_locale":"fr_FR","og_type":"article","og_title":"[:nl]Royal FASAM \u2013 Orchestra - Doornik (Belgi\u00eb)[:fr]Royal FASAM \u2013 Orchestra - Tournai (Belgique)[:] &#8211;","og_description":"La soci\u00e9t\u00e9 fut cr\u00e9\u00e9e en 1904 et a pris le nom du saint patron de la paroisse biz\u00e9toise : Fanfare St Andr\u00e9. En 1970, elle change d\u2019uniforme et s\u2019adjoint un groupe de majorettes. Celles-ci donnent un nouvel \u00e9lan \u00e0 la soci\u00e9t\u00e9. Les majorettes obtiennent de beaux succ\u00e8s et notamment 6 titres de championnes de Belgique. [&hellip;]","og_url":"https:\/\/www.taptoebrussels.com\/royal-fasam-orchestra-doornik-belgie\/","article_publisher":"https:\/\/www.facebook.com\/TaptoeBrussels\/","article_modified_time":"2019-07-26T08:52:09+00:00","og_image":[{"url":"https:\/\/www.taptoebrussels.com\/wp-content\/uploads\/2019\/07\/FASAM-Copie-300x208.jpg"}],"twitter_card":"summary_large_image","twitter_misc":{"Dur\u00e9e de lecture estim\u00e9e":"1 minute"},"schema":{"@context":"https:\/\/schema.org","@graph":[{"@type":"WebPage","@id":"https:\/\/www.taptoebrussels.com\/royal-fasam-orchestra-doornik-belgie\/","url":"https:\/\/www.taptoebrussels.com\/royal-fasam-orchestra-doornik-belgie\/","name":"[:nl]Royal FASAM \u2013 Orchestra - Doornik (Belgi\u00eb)[:fr]Royal FASAM \u2013 Orchestra - Tournai (Belgique)[:] &#8211;","isPartOf":{"@id":"https:\/\/www.taptoebrussels.com\/#website"},"primaryImageOfPage":{"@id":"https:\/\/www.taptoebrussels.com\/royal-fasam-orchestra-doornik-belgie\/#primaryimage"},"image":{"@id":"https:\/\/www.taptoebrussels.com\/royal-fasam-orchestra-doornik-belgie\/#primaryimage"},"thumbnailUrl":"https:\/\/www.taptoebrussels.com\/wp-content\/uploads\/2019\/07\/FASAM-Copie-300x208.jpg","datePublished":"2019-07-26T08:48:05+00:00","dateModified":"2019-07-26T08:52:09+00:00","breadcrumb":{"@id":"https:\/\/www.taptoebrussels.com\/royal-fasam-orchestra-doornik-belgie\/#breadcrumb"},"inLanguage":"fr-FR","potentialAction":[{"@type":"ReadAction","target":["https:\/\/www.taptoebrussels.com\/royal-fasam-orchestra-doornik-belgie\/"]}]},{"@type":"ImageObject","inLanguage":"fr-FR","@id":"https:\/\/www.taptoebrussels.com\/royal-fasam-orchestra-doornik-belgie\/#primaryimage","url":"https:\/\/www.taptoebrussels.com\/wp-content\/uploads\/2019\/07\/FASAM-Copie-300x208.jpg","contentUrl":"https:\/\/www.taptoebrussels.com\/wp-content\/uploads\/2019\/07\/FASAM-Copie-300x208.jpg"},{"@type":"BreadcrumbList","@id":"https:\/\/www.taptoebrussels.com\/royal-fasam-orchestra-doornik-belgie\/#breadcrumb","itemListElement":[{"@type":"ListItem","position":1,"name":"Home","item":"https:\/\/www.taptoebrussels.com\/"},{"@type":"ListItem","position":2,"name":"Royal FASAM \u2013 Orchestra &#8211; Doornik (Belgi\u00eb)"}]},{"@type":"WebSite","@id":"https:\/\/www.taptoebrussels.com\/#website","url":"https:\/\/www.taptoebrussels.com\/","name":"","description":"","publisher":{"@id":"https:\/\/www.taptoebrussels.com\/#organization"},"potentialAction":[{"@type":"SearchAction","target":{"@type":"EntryPoint","urlTemplate":"https:\/\/www.taptoebrussels.com\/?s={search_term_string}"},"query-input":{"@type":"PropertyValueSpecification","valueRequired":true,"valueName":"search_term_string"}}],"inLanguage":"fr-FR"},{"@type":"Organization","@id":"https:\/\/www.taptoebrussels.com\/#organization","name":"Taptoe Brussels","url":"https:\/\/www.taptoebrussels.com\/","logo":{"@type":"ImageObject","inLanguage":"fr-FR","@id":"https:\/\/www.taptoebrussels.com\/#\/schema\/logo\/image\/","url":"https:\/\/www.taptoebrussels.com\/wp-content\/uploads\/2017\/10\/logo-Taptoe-Brussels-zonder-achtergrond.jpeg","contentUrl":"https:\/\/www.taptoebrussels.com\/wp-content\/uploads\/2017\/10\/logo-Taptoe-Brussels-zonder-achtergrond.jpeg","width":567,"height":426,"caption":"Taptoe Brussels"},"image":{"@id":"https:\/\/www.taptoebrussels.com\/#\/schema\/logo\/image\/"},"sameAs":["https:\/\/www.facebook.com\/TaptoeBrussels\/","https:\/\/www.youtube.com\/user\/muziekfederatie"]}]}},"jetpack_sharing_enabled":true,"_links":{"self":[{"href":"https:\/\/www.taptoebrussels.com\/fr\/wp-json\/wp\/v2\/pages\/3191","targetHints":{"allow":["GET"]}}],"collection":[{"href":"https:\/\/www.taptoebrussels.com\/fr\/wp-json\/wp\/v2\/pages"}],"about":[{"href":"https:\/\/www.taptoebrussels.com\/fr\/wp-json\/wp\/v2\/types\/page"}],"author":[{"embeddable":true,"href":"https:\/\/www.taptoebrussels.com\/fr\/wp-json\/wp\/v2\/users\/1"}],"replies":[{"embeddable":true,"href":"https:\/\/www.taptoebrussels.com\/fr\/wp-json\/wp\/v2\/comments?post=3191"}],"version-history":[{"count":1,"href":"https:\/\/www.taptoebrussels.com\/fr\/wp-json\/wp\/v2\/pages\/3191\/revisions"}],"predecessor-version":[{"id":3193,"href":"https:\/\/www.taptoebrussels.com\/fr\/wp-json\/wp\/v2\/pages\/3191\/revisions\/3193"}],"wp:attachment":[{"href":"https:\/\/www.taptoebrussels.com\/fr\/wp-json\/wp\/v2\/media?parent=3191"}],"curies":[{"name":"wp","href":"https:\/\/api.w.org\/{rel}","templated":true}]}}