{"id":3185,"date":"2019-07-26T08:42:00","date_gmt":"2019-07-26T08:42:00","guid":{"rendered":"https:\/\/www.taptoebrussels.com\/?page_id=3185"},"modified":"2019-07-26T08:52:38","modified_gmt":"2019-07-26T08:52:38","slug":"dvs-marchingband-uit-katwijk-nederland","status":"publish","type":"page","link":"https:\/\/www.taptoebrussels.com\/fr\/dvs-marchingband-uit-katwijk-nederland\/","title":{"rendered":"Marchingband DVS &#8211; Katwijk (Pays-Bas)"},"content":{"rendered":"<p><img loading=\"lazy\" decoding=\"async\" class=\"alignnone wp-image-3186\" src=\"https:\/\/www.taptoebrussels.com\/wp-content\/uploads\/2019\/07\/DVS-2-300x168.jpg\" alt=\"\" width=\"486\" height=\"272\" srcset=\"https:\/\/www.taptoebrussels.com\/wp-content\/uploads\/2019\/07\/DVS-2-300x168.jpg 300w, https:\/\/www.taptoebrussels.com\/wp-content\/uploads\/2019\/07\/DVS-2-768x431.jpg 768w, https:\/\/www.taptoebrussels.com\/wp-content\/uploads\/2019\/07\/DVS-2-1024x575.jpg 1024w\" sizes=\"auto, (max-width: 486px) 100vw, 486px\" \/><\/p>\n<p><span style=\"color: #000000;\">Marchingband DVS est une des soci\u00e9t\u00e9s phares dans le monde de la musique amateur et est depuis des ann\u00e9es un fleuron musical de Katwijk.<\/span><\/p>\n<p><span style=\"color: #000000;\">Le Marchingband a c\u00f4t\u00e9 de prestations aux Pays-Bas a \u00e9galement donn\u00e9 des concerts au Danemark, Norv\u00e8ge, Suisse, Canada, Allemagne et Royaume-Uni.<\/span><\/p>\n<p><span style=\"color: #000000;\">DVS a obtenu de nombreuses m\u00e9dailles d\u2019or au WMC (Concours Musical Mondial) Kerkrade, avec en apoth\u00e9ose le titre de champion WMC discipline Marches 2009 et, ce dans la division sup\u00e9rieure.<\/span><\/p>\n<p><span style=\"color: #000000;\">La m\u00eame ann\u00e9e elle se classa troisi\u00e8me dans le classement final des concours spectacles.<\/span><\/p>","protected":false},"excerpt":{"rendered":"<p>Marchingband DVS est une des soci\u00e9t\u00e9s phares dans le monde de la musique amateur et est depuis des ann\u00e9es un fleuron musical de Katwijk. Le Marchingband a c\u00f4t\u00e9 de prestations aux Pays-Bas a \u00e9galement donn\u00e9 des concerts au Danemark, Norv\u00e8ge, Suisse, Canada, Allemagne et Royaume-Uni. DVS a obtenu de nombreuses m\u00e9dailles d\u2019or au WMC (Concours [&hellip;]<\/p>\n","protected":false},"author":1,"featured_media":0,"parent":0,"menu_order":0,"comment_status":"closed","ping_status":"closed","template":"","meta":{"footnotes":""},"class_list":["post-3185","page","type-page","status-publish","hentry","post"],"yoast_head":"<!-- This site is optimized with the Yoast SEO plugin v23.9 - https:\/\/yoast.com\/wordpress\/plugins\/seo\/ -->\n<title>Marchingband DVS - Katwijk (Pays-Bas) &#8211;<\/title>\n<meta name=\"robots\" content=\"index, follow, max-snippet:-1, max-image-preview:large, max-video-preview:-1\" \/>\n<link rel=\"canonical\" href=\"https:\/\/www.taptoebrussels.com\/dvs-marchingband-uit-katwijk-nederland\/\" \/>\n<meta property=\"og:locale\" content=\"fr_FR\" \/>\n<meta property=\"og:type\" content=\"article\" \/>\n<meta property=\"og:title\" content=\"[:nl]DVS-Marchingband uit Katwijk (Nederland)[:fr]Marchingband DVS - Katwijk (Pays-Bas)[:] &#8211;\" \/>\n<meta property=\"og:description\" content=\"Marchingband DVS est une des soci\u00e9t\u00e9s phares dans le monde de la musique amateur et est depuis des ann\u00e9es un fleuron musical de Katwijk. Le Marchingband a c\u00f4t\u00e9 de prestations aux Pays-Bas a \u00e9galement donn\u00e9 des concerts au Danemark, Norv\u00e8ge, Suisse, Canada, Allemagne et Royaume-Uni. DVS a obtenu de nombreuses m\u00e9dailles d\u2019or au WMC (Concours [&hellip;]\" \/>\n<meta property=\"og:url\" content=\"https:\/\/www.taptoebrussels.com\/dvs-marchingband-uit-katwijk-nederland\/\" \/>\n<meta property=\"article:publisher\" content=\"https:\/\/www.facebook.com\/TaptoeBrussels\/\" \/>\n<meta property=\"article:modified_time\" content=\"2019-07-26T08:52:38+00:00\" \/>\n<meta property=\"og:image\" content=\"https:\/\/www.taptoebrussels.com\/wp-content\/uploads\/2019\/07\/DVS-2-300x168.jpg\" \/>\n<meta name=\"twitter:card\" content=\"summary_large_image\" \/>\n<meta name=\"twitter:label1\" content=\"Dur\u00e9e de lecture estim\u00e9e\" \/>\n\t<meta name=\"twitter:data1\" content=\"1 minute\" \/>\n<script type=\"application\/ld+json\" class=\"yoast-schema-graph\">{\"@context\":\"https:\/\/schema.org\",\"@graph\":[{\"@type\":\"WebPage\",\"@id\":\"https:\/\/www.taptoebrussels.com\/dvs-marchingband-uit-katwijk-nederland\/\",\"url\":\"https:\/\/www.taptoebrussels.com\/dvs-marchingband-uit-katwijk-nederland\/\",\"name\":\"[:nl]DVS-Marchingband uit Katwijk (Nederland)[:fr]Marchingband DVS - Katwijk (Pays-Bas)[:] &#8211;\",\"isPartOf\":{\"@id\":\"https:\/\/www.taptoebrussels.com\/#website\"},\"primaryImageOfPage\":{\"@id\":\"https:\/\/www.taptoebrussels.com\/dvs-marchingband-uit-katwijk-nederland\/#primaryimage\"},\"image\":{\"@id\":\"https:\/\/www.taptoebrussels.com\/dvs-marchingband-uit-katwijk-nederland\/#primaryimage\"},\"thumbnailUrl\":\"https:\/\/www.taptoebrussels.com\/wp-content\/uploads\/2019\/07\/DVS-2-300x168.jpg\",\"datePublished\":\"2019-07-26T08:42:00+00:00\",\"dateModified\":\"2019-07-26T08:52:38+00:00\",\"breadcrumb\":{\"@id\":\"https:\/\/www.taptoebrussels.com\/dvs-marchingband-uit-katwijk-nederland\/#breadcrumb\"},\"inLanguage\":\"fr-FR\",\"potentialAction\":[{\"@type\":\"ReadAction\",\"target\":[\"https:\/\/www.taptoebrussels.com\/dvs-marchingband-uit-katwijk-nederland\/\"]}]},{\"@type\":\"ImageObject\",\"inLanguage\":\"fr-FR\",\"@id\":\"https:\/\/www.taptoebrussels.com\/dvs-marchingband-uit-katwijk-nederland\/#primaryimage\",\"url\":\"https:\/\/www.taptoebrussels.com\/wp-content\/uploads\/2019\/07\/DVS-2-300x168.jpg\",\"contentUrl\":\"https:\/\/www.taptoebrussels.com\/wp-content\/uploads\/2019\/07\/DVS-2-300x168.jpg\"},{\"@type\":\"BreadcrumbList\",\"@id\":\"https:\/\/www.taptoebrussels.com\/dvs-marchingband-uit-katwijk-nederland\/#breadcrumb\",\"itemListElement\":[{\"@type\":\"ListItem\",\"position\":1,\"name\":\"Home\",\"item\":\"https:\/\/www.taptoebrussels.com\/\"},{\"@type\":\"ListItem\",\"position\":2,\"name\":\"DVS-Marchingband uit Katwijk (Nederland)\"}]},{\"@type\":\"WebSite\",\"@id\":\"https:\/\/www.taptoebrussels.com\/#website\",\"url\":\"https:\/\/www.taptoebrussels.com\/\",\"name\":\"\",\"description\":\"\",\"publisher\":{\"@id\":\"https:\/\/www.taptoebrussels.com\/#organization\"},\"potentialAction\":[{\"@type\":\"SearchAction\",\"target\":{\"@type\":\"EntryPoint\",\"urlTemplate\":\"https:\/\/www.taptoebrussels.com\/?s={search_term_string}\"},\"query-input\":{\"@type\":\"PropertyValueSpecification\",\"valueRequired\":true,\"valueName\":\"search_term_string\"}}],\"inLanguage\":\"fr-FR\"},{\"@type\":\"Organization\",\"@id\":\"https:\/\/www.taptoebrussels.com\/#organization\",\"name\":\"Taptoe Brussels\",\"url\":\"https:\/\/www.taptoebrussels.com\/\",\"logo\":{\"@type\":\"ImageObject\",\"inLanguage\":\"fr-FR\",\"@id\":\"https:\/\/www.taptoebrussels.com\/#\/schema\/logo\/image\/\",\"url\":\"https:\/\/www.taptoebrussels.com\/wp-content\/uploads\/2017\/10\/logo-Taptoe-Brussels-zonder-achtergrond.jpeg\",\"contentUrl\":\"https:\/\/www.taptoebrussels.com\/wp-content\/uploads\/2017\/10\/logo-Taptoe-Brussels-zonder-achtergrond.jpeg\",\"width\":567,\"height\":426,\"caption\":\"Taptoe Brussels\"},\"image\":{\"@id\":\"https:\/\/www.taptoebrussels.com\/#\/schema\/logo\/image\/\"},\"sameAs\":[\"https:\/\/www.facebook.com\/TaptoeBrussels\/\",\"https:\/\/www.youtube.com\/user\/muziekfederatie\"]}]}<\/script>\n<!-- \/ Yoast SEO plugin. -->","yoast_head_json":{"title":"[:nl]DVS-Marchingband uit Katwijk (Nederland)[:fr]Marchingband DVS - Katwijk (Pays-Bas)[:] &#8211;","robots":{"index":"index","follow":"follow","max-snippet":"max-snippet:-1","max-image-preview":"max-image-preview:large","max-video-preview":"max-video-preview:-1"},"canonical":"https:\/\/www.taptoebrussels.com\/dvs-marchingband-uit-katwijk-nederland\/","og_locale":"fr_FR","og_type":"article","og_title":"[:nl]DVS-Marchingband uit Katwijk (Nederland)[:fr]Marchingband DVS - Katwijk (Pays-Bas)[:] &#8211;","og_description":"Marchingband DVS est une des soci\u00e9t\u00e9s phares dans le monde de la musique amateur et est depuis des ann\u00e9es un fleuron musical de Katwijk. Le Marchingband a c\u00f4t\u00e9 de prestations aux Pays-Bas a \u00e9galement donn\u00e9 des concerts au Danemark, Norv\u00e8ge, Suisse, Canada, Allemagne et Royaume-Uni. DVS a obtenu de nombreuses m\u00e9dailles d\u2019or au WMC (Concours [&hellip;]","og_url":"https:\/\/www.taptoebrussels.com\/dvs-marchingband-uit-katwijk-nederland\/","article_publisher":"https:\/\/www.facebook.com\/TaptoeBrussels\/","article_modified_time":"2019-07-26T08:52:38+00:00","og_image":[{"url":"https:\/\/www.taptoebrussels.com\/wp-content\/uploads\/2019\/07\/DVS-2-300x168.jpg"}],"twitter_card":"summary_large_image","twitter_misc":{"Dur\u00e9e de lecture estim\u00e9e":"1 minute"},"schema":{"@context":"https:\/\/schema.org","@graph":[{"@type":"WebPage","@id":"https:\/\/www.taptoebrussels.com\/dvs-marchingband-uit-katwijk-nederland\/","url":"https:\/\/www.taptoebrussels.com\/dvs-marchingband-uit-katwijk-nederland\/","name":"[:nl]DVS-Marchingband uit Katwijk (Nederland)[:fr]Marchingband DVS - Katwijk (Pays-Bas)[:] &#8211;","isPartOf":{"@id":"https:\/\/www.taptoebrussels.com\/#website"},"primaryImageOfPage":{"@id":"https:\/\/www.taptoebrussels.com\/dvs-marchingband-uit-katwijk-nederland\/#primaryimage"},"image":{"@id":"https:\/\/www.taptoebrussels.com\/dvs-marchingband-uit-katwijk-nederland\/#primaryimage"},"thumbnailUrl":"https:\/\/www.taptoebrussels.com\/wp-content\/uploads\/2019\/07\/DVS-2-300x168.jpg","datePublished":"2019-07-26T08:42:00+00:00","dateModified":"2019-07-26T08:52:38+00:00","breadcrumb":{"@id":"https:\/\/www.taptoebrussels.com\/dvs-marchingband-uit-katwijk-nederland\/#breadcrumb"},"inLanguage":"fr-FR","potentialAction":[{"@type":"ReadAction","target":["https:\/\/www.taptoebrussels.com\/dvs-marchingband-uit-katwijk-nederland\/"]}]},{"@type":"ImageObject","inLanguage":"fr-FR","@id":"https:\/\/www.taptoebrussels.com\/dvs-marchingband-uit-katwijk-nederland\/#primaryimage","url":"https:\/\/www.taptoebrussels.com\/wp-content\/uploads\/2019\/07\/DVS-2-300x168.jpg","contentUrl":"https:\/\/www.taptoebrussels.com\/wp-content\/uploads\/2019\/07\/DVS-2-300x168.jpg"},{"@type":"BreadcrumbList","@id":"https:\/\/www.taptoebrussels.com\/dvs-marchingband-uit-katwijk-nederland\/#breadcrumb","itemListElement":[{"@type":"ListItem","position":1,"name":"Home","item":"https:\/\/www.taptoebrussels.com\/"},{"@type":"ListItem","position":2,"name":"DVS-Marchingband uit Katwijk (Nederland)"}]},{"@type":"WebSite","@id":"https:\/\/www.taptoebrussels.com\/#website","url":"https:\/\/www.taptoebrussels.com\/","name":"","description":"","publisher":{"@id":"https:\/\/www.taptoebrussels.com\/#organization"},"potentialAction":[{"@type":"SearchAction","target":{"@type":"EntryPoint","urlTemplate":"https:\/\/www.taptoebrussels.com\/?s={search_term_string}"},"query-input":{"@type":"PropertyValueSpecification","valueRequired":true,"valueName":"search_term_string"}}],"inLanguage":"fr-FR"},{"@type":"Organization","@id":"https:\/\/www.taptoebrussels.com\/#organization","name":"Taptoe Brussels","url":"https:\/\/www.taptoebrussels.com\/","logo":{"@type":"ImageObject","inLanguage":"fr-FR","@id":"https:\/\/www.taptoebrussels.com\/#\/schema\/logo\/image\/","url":"https:\/\/www.taptoebrussels.com\/wp-content\/uploads\/2017\/10\/logo-Taptoe-Brussels-zonder-achtergrond.jpeg","contentUrl":"https:\/\/www.taptoebrussels.com\/wp-content\/uploads\/2017\/10\/logo-Taptoe-Brussels-zonder-achtergrond.jpeg","width":567,"height":426,"caption":"Taptoe Brussels"},"image":{"@id":"https:\/\/www.taptoebrussels.com\/#\/schema\/logo\/image\/"},"sameAs":["https:\/\/www.facebook.com\/TaptoeBrussels\/","https:\/\/www.youtube.com\/user\/muziekfederatie"]}]}},"jetpack_sharing_enabled":true,"_links":{"self":[{"href":"https:\/\/www.taptoebrussels.com\/fr\/wp-json\/wp\/v2\/pages\/3185","targetHints":{"allow":["GET"]}}],"collection":[{"href":"https:\/\/www.taptoebrussels.com\/fr\/wp-json\/wp\/v2\/pages"}],"about":[{"href":"https:\/\/www.taptoebrussels.com\/fr\/wp-json\/wp\/v2\/types\/page"}],"author":[{"embeddable":true,"href":"https:\/\/www.taptoebrussels.com\/fr\/wp-json\/wp\/v2\/users\/1"}],"replies":[{"embeddable":true,"href":"https:\/\/www.taptoebrussels.com\/fr\/wp-json\/wp\/v2\/comments?post=3185"}],"version-history":[{"count":2,"href":"https:\/\/www.taptoebrussels.com\/fr\/wp-json\/wp\/v2\/pages\/3185\/revisions"}],"predecessor-version":[{"id":3197,"href":"https:\/\/www.taptoebrussels.com\/fr\/wp-json\/wp\/v2\/pages\/3185\/revisions\/3197"}],"wp:attachment":[{"href":"https:\/\/www.taptoebrussels.com\/fr\/wp-json\/wp\/v2\/media?parent=3185"}],"curies":[{"name":"wp","href":"https:\/\/api.w.org\/{rel}","templated":true}]}}