{"id":2217,"date":"2018-06-20T08:30:15","date_gmt":"2018-06-20T08:30:15","guid":{"rendered":"https:\/\/www.taptoebrussels.com\/?page_id=2217"},"modified":"2018-06-20T08:33:06","modified_gmt":"2018-06-20T08:33:06","slug":"les-tambours-du-burundi","status":"publish","type":"page","link":"https:\/\/www.taptoebrussels.com\/fr\/les-tambours-du-burundi\/","title":{"rendered":"Les Tambours du Burundi"},"content":{"rendered":"<p><img loading=\"lazy\" decoding=\"async\" class=\"alignnone  wp-image-2218\" src=\"https:\/\/www.taptoebrussels.com\/wp-content\/uploads\/2018\/06\/IKIYAGO-8-200x300.jpg\" alt=\"\" width=\"304\" height=\"456\" srcset=\"https:\/\/www.taptoebrussels.com\/wp-content\/uploads\/2018\/06\/IKIYAGO-8-200x300.jpg 200w, https:\/\/www.taptoebrussels.com\/wp-content\/uploads\/2018\/06\/IKIYAGO-8.jpg 300w\" sizes=\"auto, (max-width: 304px) 100vw, 304px\" \/><\/p>\n<p>L&rsquo;Art des Tambourinaires, c&rsquo;est avant tout un lien quasi-mystique qui unit un pays tout entier \u00e0 ses tambours sacr\u00e9s, le mot \u00ab\u00a0ingoma\u00a0\u00bb signifie tout \u00e0 la fois \u00ab\u00a0tambour\u00a0\u00bb et \u00ab\u00a0royaume\u00a0\u00bb.\u00a0Fascinant m\u00e9lange de formalisation et de spontan\u00e9it\u00e9 proche de la transe, l&rsquo;\u00e9blouissement rythmique que nous offrent les ma\u00eetres\u00a0<strong>Tambours du Burundi<\/strong>\u00a0\u00e9clate avec l&rsquo;exub\u00e9rance naturelle, la joie et la volont\u00e9 de vivre de tout un peuple.<\/p>","protected":false},"excerpt":{"rendered":"<p>L&rsquo;Art des Tambourinaires, c&rsquo;est avant tout un lien quasi-mystique qui unit un pays tout entier \u00e0 ses tambours sacr\u00e9s, le mot \u00ab\u00a0ingoma\u00a0\u00bb signifie tout \u00e0 la fois \u00ab\u00a0tambour\u00a0\u00bb et \u00ab\u00a0royaume\u00a0\u00bb.\u00a0Fascinant m\u00e9lange de formalisation et de spontan\u00e9it\u00e9 proche de la transe, l&rsquo;\u00e9blouissement rythmique que nous offrent les ma\u00eetres\u00a0Tambours du Burundi\u00a0\u00e9clate avec l&rsquo;exub\u00e9rance naturelle, la joie et [&hellip;]<\/p>\n","protected":false},"author":1,"featured_media":0,"parent":0,"menu_order":0,"comment_status":"closed","ping_status":"closed","template":"","meta":{"footnotes":""},"class_list":["post-2217","page","type-page","status-publish","hentry","post"],"yoast_head":"<!-- This site is optimized with the Yoast SEO plugin v23.9 - https:\/\/yoast.com\/wordpress\/plugins\/seo\/ -->\n<title>Les Tambours du Burundi &#8211;<\/title>\n<meta name=\"robots\" content=\"index, follow, max-snippet:-1, max-image-preview:large, max-video-preview:-1\" \/>\n<link rel=\"canonical\" href=\"https:\/\/www.taptoebrussels.com\/les-tambours-du-burundi\/\" \/>\n<meta property=\"og:locale\" content=\"fr_FR\" \/>\n<meta property=\"og:type\" content=\"article\" \/>\n<meta property=\"og:title\" content=\"Les Tambours du Burundi &#8211;\" \/>\n<meta property=\"og:description\" content=\"L&rsquo;Art des Tambourinaires, c&rsquo;est avant tout un lien quasi-mystique qui unit un pays tout entier \u00e0 ses tambours sacr\u00e9s, le mot \u00ab\u00a0ingoma\u00a0\u00bb signifie tout \u00e0 la fois \u00ab\u00a0tambour\u00a0\u00bb et \u00ab\u00a0royaume\u00a0\u00bb.\u00a0Fascinant m\u00e9lange de formalisation et de spontan\u00e9it\u00e9 proche de la transe, l&rsquo;\u00e9blouissement rythmique que nous offrent les ma\u00eetres\u00a0Tambours du Burundi\u00a0\u00e9clate avec l&rsquo;exub\u00e9rance naturelle, la joie et [&hellip;]\" \/>\n<meta property=\"og:url\" content=\"https:\/\/www.taptoebrussels.com\/les-tambours-du-burundi\/\" \/>\n<meta property=\"article:publisher\" content=\"https:\/\/www.facebook.com\/TaptoeBrussels\/\" \/>\n<meta property=\"article:modified_time\" content=\"2018-06-20T08:33:06+00:00\" \/>\n<meta property=\"og:image\" content=\"https:\/\/www.taptoebrussels.com\/wp-content\/uploads\/2018\/06\/IKIYAGO-8-200x300.jpg\" \/>\n<meta name=\"twitter:card\" content=\"summary_large_image\" \/>\n<meta name=\"twitter:label1\" content=\"Dur\u00e9e de lecture estim\u00e9e\" \/>\n\t<meta name=\"twitter:data1\" content=\"1 minute\" \/>\n<script type=\"application\/ld+json\" class=\"yoast-schema-graph\">{\"@context\":\"https:\/\/schema.org\",\"@graph\":[{\"@type\":\"WebPage\",\"@id\":\"https:\/\/www.taptoebrussels.com\/les-tambours-du-burundi\/\",\"url\":\"https:\/\/www.taptoebrussels.com\/les-tambours-du-burundi\/\",\"name\":\"Les Tambours du Burundi &#8211;\",\"isPartOf\":{\"@id\":\"https:\/\/www.taptoebrussels.com\/#website\"},\"primaryImageOfPage\":{\"@id\":\"https:\/\/www.taptoebrussels.com\/les-tambours-du-burundi\/#primaryimage\"},\"image\":{\"@id\":\"https:\/\/www.taptoebrussels.com\/les-tambours-du-burundi\/#primaryimage\"},\"thumbnailUrl\":\"https:\/\/www.taptoebrussels.com\/wp-content\/uploads\/2018\/06\/IKIYAGO-8-200x300.jpg\",\"datePublished\":\"2018-06-20T08:30:15+00:00\",\"dateModified\":\"2018-06-20T08:33:06+00:00\",\"breadcrumb\":{\"@id\":\"https:\/\/www.taptoebrussels.com\/les-tambours-du-burundi\/#breadcrumb\"},\"inLanguage\":\"fr-FR\",\"potentialAction\":[{\"@type\":\"ReadAction\",\"target\":[\"https:\/\/www.taptoebrussels.com\/les-tambours-du-burundi\/\"]}]},{\"@type\":\"ImageObject\",\"inLanguage\":\"fr-FR\",\"@id\":\"https:\/\/www.taptoebrussels.com\/les-tambours-du-burundi\/#primaryimage\",\"url\":\"https:\/\/www.taptoebrussels.com\/wp-content\/uploads\/2018\/06\/IKIYAGO-8-200x300.jpg\",\"contentUrl\":\"https:\/\/www.taptoebrussels.com\/wp-content\/uploads\/2018\/06\/IKIYAGO-8-200x300.jpg\"},{\"@type\":\"BreadcrumbList\",\"@id\":\"https:\/\/www.taptoebrussels.com\/les-tambours-du-burundi\/#breadcrumb\",\"itemListElement\":[{\"@type\":\"ListItem\",\"position\":1,\"name\":\"Home\",\"item\":\"https:\/\/www.taptoebrussels.com\/\"},{\"@type\":\"ListItem\",\"position\":2,\"name\":\"Les Tambours du Burundi\"}]},{\"@type\":\"WebSite\",\"@id\":\"https:\/\/www.taptoebrussels.com\/#website\",\"url\":\"https:\/\/www.taptoebrussels.com\/\",\"name\":\"\",\"description\":\"\",\"publisher\":{\"@id\":\"https:\/\/www.taptoebrussels.com\/#organization\"},\"potentialAction\":[{\"@type\":\"SearchAction\",\"target\":{\"@type\":\"EntryPoint\",\"urlTemplate\":\"https:\/\/www.taptoebrussels.com\/?s={search_term_string}\"},\"query-input\":{\"@type\":\"PropertyValueSpecification\",\"valueRequired\":true,\"valueName\":\"search_term_string\"}}],\"inLanguage\":\"fr-FR\"},{\"@type\":\"Organization\",\"@id\":\"https:\/\/www.taptoebrussels.com\/#organization\",\"name\":\"Taptoe Brussels\",\"url\":\"https:\/\/www.taptoebrussels.com\/\",\"logo\":{\"@type\":\"ImageObject\",\"inLanguage\":\"fr-FR\",\"@id\":\"https:\/\/www.taptoebrussels.com\/#\/schema\/logo\/image\/\",\"url\":\"https:\/\/www.taptoebrussels.com\/wp-content\/uploads\/2017\/10\/logo-Taptoe-Brussels-zonder-achtergrond.jpeg\",\"contentUrl\":\"https:\/\/www.taptoebrussels.com\/wp-content\/uploads\/2017\/10\/logo-Taptoe-Brussels-zonder-achtergrond.jpeg\",\"width\":567,\"height\":426,\"caption\":\"Taptoe Brussels\"},\"image\":{\"@id\":\"https:\/\/www.taptoebrussels.com\/#\/schema\/logo\/image\/\"},\"sameAs\":[\"https:\/\/www.facebook.com\/TaptoeBrussels\/\",\"https:\/\/www.youtube.com\/user\/muziekfederatie\"]}]}<\/script>\n<!-- \/ Yoast SEO plugin. -->","yoast_head_json":{"title":"Les Tambours du Burundi &#8211;","robots":{"index":"index","follow":"follow","max-snippet":"max-snippet:-1","max-image-preview":"max-image-preview:large","max-video-preview":"max-video-preview:-1"},"canonical":"https:\/\/www.taptoebrussels.com\/les-tambours-du-burundi\/","og_locale":"fr_FR","og_type":"article","og_title":"Les Tambours du Burundi &#8211;","og_description":"L&rsquo;Art des Tambourinaires, c&rsquo;est avant tout un lien quasi-mystique qui unit un pays tout entier \u00e0 ses tambours sacr\u00e9s, le mot \u00ab\u00a0ingoma\u00a0\u00bb signifie tout \u00e0 la fois \u00ab\u00a0tambour\u00a0\u00bb et \u00ab\u00a0royaume\u00a0\u00bb.\u00a0Fascinant m\u00e9lange de formalisation et de spontan\u00e9it\u00e9 proche de la transe, l&rsquo;\u00e9blouissement rythmique que nous offrent les ma\u00eetres\u00a0Tambours du Burundi\u00a0\u00e9clate avec l&rsquo;exub\u00e9rance naturelle, la joie et [&hellip;]","og_url":"https:\/\/www.taptoebrussels.com\/les-tambours-du-burundi\/","article_publisher":"https:\/\/www.facebook.com\/TaptoeBrussels\/","article_modified_time":"2018-06-20T08:33:06+00:00","og_image":[{"url":"https:\/\/www.taptoebrussels.com\/wp-content\/uploads\/2018\/06\/IKIYAGO-8-200x300.jpg"}],"twitter_card":"summary_large_image","twitter_misc":{"Dur\u00e9e de lecture estim\u00e9e":"1 minute"},"schema":{"@context":"https:\/\/schema.org","@graph":[{"@type":"WebPage","@id":"https:\/\/www.taptoebrussels.com\/les-tambours-du-burundi\/","url":"https:\/\/www.taptoebrussels.com\/les-tambours-du-burundi\/","name":"Les Tambours du Burundi &#8211;","isPartOf":{"@id":"https:\/\/www.taptoebrussels.com\/#website"},"primaryImageOfPage":{"@id":"https:\/\/www.taptoebrussels.com\/les-tambours-du-burundi\/#primaryimage"},"image":{"@id":"https:\/\/www.taptoebrussels.com\/les-tambours-du-burundi\/#primaryimage"},"thumbnailUrl":"https:\/\/www.taptoebrussels.com\/wp-content\/uploads\/2018\/06\/IKIYAGO-8-200x300.jpg","datePublished":"2018-06-20T08:30:15+00:00","dateModified":"2018-06-20T08:33:06+00:00","breadcrumb":{"@id":"https:\/\/www.taptoebrussels.com\/les-tambours-du-burundi\/#breadcrumb"},"inLanguage":"fr-FR","potentialAction":[{"@type":"ReadAction","target":["https:\/\/www.taptoebrussels.com\/les-tambours-du-burundi\/"]}]},{"@type":"ImageObject","inLanguage":"fr-FR","@id":"https:\/\/www.taptoebrussels.com\/les-tambours-du-burundi\/#primaryimage","url":"https:\/\/www.taptoebrussels.com\/wp-content\/uploads\/2018\/06\/IKIYAGO-8-200x300.jpg","contentUrl":"https:\/\/www.taptoebrussels.com\/wp-content\/uploads\/2018\/06\/IKIYAGO-8-200x300.jpg"},{"@type":"BreadcrumbList","@id":"https:\/\/www.taptoebrussels.com\/les-tambours-du-burundi\/#breadcrumb","itemListElement":[{"@type":"ListItem","position":1,"name":"Home","item":"https:\/\/www.taptoebrussels.com\/"},{"@type":"ListItem","position":2,"name":"Les Tambours du Burundi"}]},{"@type":"WebSite","@id":"https:\/\/www.taptoebrussels.com\/#website","url":"https:\/\/www.taptoebrussels.com\/","name":"","description":"","publisher":{"@id":"https:\/\/www.taptoebrussels.com\/#organization"},"potentialAction":[{"@type":"SearchAction","target":{"@type":"EntryPoint","urlTemplate":"https:\/\/www.taptoebrussels.com\/?s={search_term_string}"},"query-input":{"@type":"PropertyValueSpecification","valueRequired":true,"valueName":"search_term_string"}}],"inLanguage":"fr-FR"},{"@type":"Organization","@id":"https:\/\/www.taptoebrussels.com\/#organization","name":"Taptoe Brussels","url":"https:\/\/www.taptoebrussels.com\/","logo":{"@type":"ImageObject","inLanguage":"fr-FR","@id":"https:\/\/www.taptoebrussels.com\/#\/schema\/logo\/image\/","url":"https:\/\/www.taptoebrussels.com\/wp-content\/uploads\/2017\/10\/logo-Taptoe-Brussels-zonder-achtergrond.jpeg","contentUrl":"https:\/\/www.taptoebrussels.com\/wp-content\/uploads\/2017\/10\/logo-Taptoe-Brussels-zonder-achtergrond.jpeg","width":567,"height":426,"caption":"Taptoe Brussels"},"image":{"@id":"https:\/\/www.taptoebrussels.com\/#\/schema\/logo\/image\/"},"sameAs":["https:\/\/www.facebook.com\/TaptoeBrussels\/","https:\/\/www.youtube.com\/user\/muziekfederatie"]}]}},"jetpack_sharing_enabled":true,"_links":{"self":[{"href":"https:\/\/www.taptoebrussels.com\/fr\/wp-json\/wp\/v2\/pages\/2217","targetHints":{"allow":["GET"]}}],"collection":[{"href":"https:\/\/www.taptoebrussels.com\/fr\/wp-json\/wp\/v2\/pages"}],"about":[{"href":"https:\/\/www.taptoebrussels.com\/fr\/wp-json\/wp\/v2\/types\/page"}],"author":[{"embeddable":true,"href":"https:\/\/www.taptoebrussels.com\/fr\/wp-json\/wp\/v2\/users\/1"}],"replies":[{"embeddable":true,"href":"https:\/\/www.taptoebrussels.com\/fr\/wp-json\/wp\/v2\/comments?post=2217"}],"version-history":[{"count":2,"href":"https:\/\/www.taptoebrussels.com\/fr\/wp-json\/wp\/v2\/pages\/2217\/revisions"}],"predecessor-version":[{"id":2222,"href":"https:\/\/www.taptoebrussels.com\/fr\/wp-json\/wp\/v2\/pages\/2217\/revisions\/2222"}],"wp:attachment":[{"href":"https:\/\/www.taptoebrussels.com\/fr\/wp-json\/wp\/v2\/media?parent=2217"}],"curies":[{"name":"wp","href":"https:\/\/api.w.org\/{rel}","templated":true}]}}