{"id":2214,"date":"2018-06-20T08:26:34","date_gmt":"2018-06-20T08:26:34","guid":{"rendered":"https:\/\/www.taptoebrussels.com\/?page_id=2214"},"modified":"2018-06-20T08:33:39","modified_gmt":"2018-06-20T08:33:39","slug":"red-hackle-pipe-band","status":"publish","type":"page","link":"https:\/\/www.taptoebrussels.com\/fr\/red-hackle-pipe-band\/","title":{"rendered":"Red Hackle Pipe Band"},"content":{"rendered":"<p><img loading=\"lazy\" decoding=\"async\" class=\" wp-image-2215\" src=\"https:\/\/www.taptoebrussels.com\/wp-content\/uploads\/2018\/06\/rh13_LR-300x300.jpg\" alt=\"\" width=\"380\" height=\"380\" srcset=\"https:\/\/www.taptoebrussels.com\/wp-content\/uploads\/2018\/06\/rh13_LR-300x300.jpg 300w, https:\/\/www.taptoebrussels.com\/wp-content\/uploads\/2018\/06\/rh13_LR-150x150.jpg 150w, https:\/\/www.taptoebrussels.com\/wp-content\/uploads\/2018\/06\/rh13_LR-768x768.jpg 768w, https:\/\/www.taptoebrussels.com\/wp-content\/uploads\/2018\/06\/rh13_LR.jpg 864w\" sizes=\"auto, (max-width: 380px) 100vw, 380px\" \/><\/p>\n<p>Le Red Hackle Pipe Band est un des premiers orchestres de cornemuses d\u2019Ecosse en Belgique.\u00a0 Fond\u00e9 en 1967 dans le giron du scouting \u00e0 Anvers.\u00a0 En 1972 elle para\u00eet sur la sc\u00e8ne avec \u00a0le nom de Red Hackle Pipes &amp; Drums en uniforme du fameux r\u00e9giment Ecossais le Black Watch, avec l\u2019accord du 42i\u00e9me r\u00e9giment \u00e0 Perth.<\/p>\n<p>Le \u201cRed Hackle\u201d est la plume rouge sur le feather (bonnet &#8211; chapeau) et est repris avec l\u2019accord du fameux Red Hackle Pipes&amp;Drums \u00e0 Glasgow.\u00a0 D\u00e8s\u00a0 ce moment l\u2019orchestre\u00a0 fait partie du Royal Scottish Pipe Band Association. En 2014 l\u2019orchestre est\u00a0 reconnu par le \u2018Black Watch Association\u2019 comme \u2018affiliated band\u2019 et peut alors repr\u00e9senter le r\u00e9giment si n\u00e9cessaire.<\/p>\n<p>&nbsp;<\/p>","protected":false},"excerpt":{"rendered":"<p>Le Red Hackle Pipe Band est un des premiers orchestres de cornemuses d\u2019Ecosse en Belgique.\u00a0 Fond\u00e9 en 1967 dans le giron du scouting \u00e0 Anvers.\u00a0 En 1972 elle para\u00eet sur la sc\u00e8ne avec \u00a0le nom de Red Hackle Pipes &amp; Drums en uniforme du fameux r\u00e9giment Ecossais le Black Watch, avec l\u2019accord du 42i\u00e9me r\u00e9giment [&hellip;]<\/p>\n","protected":false},"author":1,"featured_media":0,"parent":0,"menu_order":0,"comment_status":"closed","ping_status":"closed","template":"","meta":{"footnotes":""},"class_list":["post-2214","page","type-page","status-publish","hentry","post"],"yoast_head":"<!-- This site is optimized with the Yoast SEO plugin v23.9 - https:\/\/yoast.com\/wordpress\/plugins\/seo\/ -->\n<title>Red Hackle Pipe Band &#8211;<\/title>\n<meta name=\"robots\" content=\"index, follow, max-snippet:-1, max-image-preview:large, max-video-preview:-1\" \/>\n<link rel=\"canonical\" href=\"https:\/\/www.taptoebrussels.com\/en\/red-hackle-pipe-band\/\" \/>\n<meta property=\"og:locale\" content=\"fr_FR\" \/>\n<meta property=\"og:type\" content=\"article\" \/>\n<meta property=\"og:title\" content=\"[:nl]Red Hackle Pipe Band[:fr]Red Hackle Pipe Band[:] &#8211;\" \/>\n<meta property=\"og:description\" content=\"Le Red Hackle Pipe Band est un des premiers orchestres de cornemuses d\u2019Ecosse en Belgique.\u00a0 Fond\u00e9 en 1967 dans le giron du scouting \u00e0 Anvers.\u00a0 En 1972 elle para\u00eet sur la sc\u00e8ne avec \u00a0le nom de Red Hackle Pipes &amp; Drums en uniforme du fameux r\u00e9giment Ecossais le Black Watch, avec l\u2019accord du 42i\u00e9me r\u00e9giment [&hellip;]\" \/>\n<meta property=\"og:url\" content=\"https:\/\/www.taptoebrussels.com\/en\/red-hackle-pipe-band\/\" \/>\n<meta property=\"article:publisher\" content=\"https:\/\/www.facebook.com\/TaptoeBrussels\/\" \/>\n<meta property=\"article:modified_time\" content=\"2018-06-20T08:33:39+00:00\" \/>\n<meta property=\"og:image\" content=\"https:\/\/www.taptoebrussels.com\/wp-content\/uploads\/2018\/06\/rh13_LR-300x300.jpg\" \/>\n<meta name=\"twitter:card\" content=\"summary_large_image\" \/>\n<meta name=\"twitter:label1\" content=\"Dur\u00e9e de lecture estim\u00e9e\" \/>\n\t<meta name=\"twitter:data1\" content=\"1 minute\" \/>\n<script type=\"application\/ld+json\" class=\"yoast-schema-graph\">{\"@context\":\"https:\/\/schema.org\",\"@graph\":[{\"@type\":\"WebPage\",\"@id\":\"https:\/\/www.taptoebrussels.com\/en\/red-hackle-pipe-band\/\",\"url\":\"https:\/\/www.taptoebrussels.com\/en\/red-hackle-pipe-band\/\",\"name\":\"[:nl]Red Hackle Pipe Band[:fr]Red Hackle Pipe Band[:] &#8211;\",\"isPartOf\":{\"@id\":\"https:\/\/www.taptoebrussels.com\/#website\"},\"primaryImageOfPage\":{\"@id\":\"https:\/\/www.taptoebrussels.com\/en\/red-hackle-pipe-band\/#primaryimage\"},\"image\":{\"@id\":\"https:\/\/www.taptoebrussels.com\/en\/red-hackle-pipe-band\/#primaryimage\"},\"thumbnailUrl\":\"https:\/\/www.taptoebrussels.com\/wp-content\/uploads\/2018\/06\/rh13_LR-300x300.jpg\",\"datePublished\":\"2018-06-20T08:26:34+00:00\",\"dateModified\":\"2018-06-20T08:33:39+00:00\",\"breadcrumb\":{\"@id\":\"https:\/\/www.taptoebrussels.com\/en\/red-hackle-pipe-band\/#breadcrumb\"},\"inLanguage\":\"fr-FR\",\"potentialAction\":[{\"@type\":\"ReadAction\",\"target\":[\"https:\/\/www.taptoebrussels.com\/en\/red-hackle-pipe-band\/\"]}]},{\"@type\":\"ImageObject\",\"inLanguage\":\"fr-FR\",\"@id\":\"https:\/\/www.taptoebrussels.com\/en\/red-hackle-pipe-band\/#primaryimage\",\"url\":\"https:\/\/www.taptoebrussels.com\/wp-content\/uploads\/2018\/06\/rh13_LR-300x300.jpg\",\"contentUrl\":\"https:\/\/www.taptoebrussels.com\/wp-content\/uploads\/2018\/06\/rh13_LR-300x300.jpg\"},{\"@type\":\"BreadcrumbList\",\"@id\":\"https:\/\/www.taptoebrussels.com\/en\/red-hackle-pipe-band\/#breadcrumb\",\"itemListElement\":[{\"@type\":\"ListItem\",\"position\":1,\"name\":\"Home\",\"item\":\"https:\/\/www.taptoebrussels.com\/\"},{\"@type\":\"ListItem\",\"position\":2,\"name\":\"(Nederlands) Red Hackle Pipe Band\"}]},{\"@type\":\"WebSite\",\"@id\":\"https:\/\/www.taptoebrussels.com\/#website\",\"url\":\"https:\/\/www.taptoebrussels.com\/\",\"name\":\"\",\"description\":\"\",\"publisher\":{\"@id\":\"https:\/\/www.taptoebrussels.com\/#organization\"},\"potentialAction\":[{\"@type\":\"SearchAction\",\"target\":{\"@type\":\"EntryPoint\",\"urlTemplate\":\"https:\/\/www.taptoebrussels.com\/?s={search_term_string}\"},\"query-input\":{\"@type\":\"PropertyValueSpecification\",\"valueRequired\":true,\"valueName\":\"search_term_string\"}}],\"inLanguage\":\"fr-FR\"},{\"@type\":\"Organization\",\"@id\":\"https:\/\/www.taptoebrussels.com\/#organization\",\"name\":\"Taptoe Brussels\",\"url\":\"https:\/\/www.taptoebrussels.com\/\",\"logo\":{\"@type\":\"ImageObject\",\"inLanguage\":\"fr-FR\",\"@id\":\"https:\/\/www.taptoebrussels.com\/#\/schema\/logo\/image\/\",\"url\":\"https:\/\/www.taptoebrussels.com\/wp-content\/uploads\/2017\/10\/logo-Taptoe-Brussels-zonder-achtergrond.jpeg\",\"contentUrl\":\"https:\/\/www.taptoebrussels.com\/wp-content\/uploads\/2017\/10\/logo-Taptoe-Brussels-zonder-achtergrond.jpeg\",\"width\":567,\"height\":426,\"caption\":\"Taptoe Brussels\"},\"image\":{\"@id\":\"https:\/\/www.taptoebrussels.com\/#\/schema\/logo\/image\/\"},\"sameAs\":[\"https:\/\/www.facebook.com\/TaptoeBrussels\/\",\"https:\/\/www.youtube.com\/user\/muziekfederatie\"]}]}<\/script>\n<!-- \/ Yoast SEO plugin. -->","yoast_head_json":{"title":"[:nl]Red Hackle Pipe Band[:fr]Red Hackle Pipe Band[:] &#8211;","robots":{"index":"index","follow":"follow","max-snippet":"max-snippet:-1","max-image-preview":"max-image-preview:large","max-video-preview":"max-video-preview:-1"},"canonical":"https:\/\/www.taptoebrussels.com\/en\/red-hackle-pipe-band\/","og_locale":"fr_FR","og_type":"article","og_title":"[:nl]Red Hackle Pipe Band[:fr]Red Hackle Pipe Band[:] &#8211;","og_description":"Le Red Hackle Pipe Band est un des premiers orchestres de cornemuses d\u2019Ecosse en Belgique.\u00a0 Fond\u00e9 en 1967 dans le giron du scouting \u00e0 Anvers.\u00a0 En 1972 elle para\u00eet sur la sc\u00e8ne avec \u00a0le nom de Red Hackle Pipes &amp; Drums en uniforme du fameux r\u00e9giment Ecossais le Black Watch, avec l\u2019accord du 42i\u00e9me r\u00e9giment [&hellip;]","og_url":"https:\/\/www.taptoebrussels.com\/en\/red-hackle-pipe-band\/","article_publisher":"https:\/\/www.facebook.com\/TaptoeBrussels\/","article_modified_time":"2018-06-20T08:33:39+00:00","og_image":[{"url":"https:\/\/www.taptoebrussels.com\/wp-content\/uploads\/2018\/06\/rh13_LR-300x300.jpg"}],"twitter_card":"summary_large_image","twitter_misc":{"Dur\u00e9e de lecture estim\u00e9e":"1 minute"},"schema":{"@context":"https:\/\/schema.org","@graph":[{"@type":"WebPage","@id":"https:\/\/www.taptoebrussels.com\/en\/red-hackle-pipe-band\/","url":"https:\/\/www.taptoebrussels.com\/en\/red-hackle-pipe-band\/","name":"[:nl]Red Hackle Pipe Band[:fr]Red Hackle Pipe Band[:] &#8211;","isPartOf":{"@id":"https:\/\/www.taptoebrussels.com\/#website"},"primaryImageOfPage":{"@id":"https:\/\/www.taptoebrussels.com\/en\/red-hackle-pipe-band\/#primaryimage"},"image":{"@id":"https:\/\/www.taptoebrussels.com\/en\/red-hackle-pipe-band\/#primaryimage"},"thumbnailUrl":"https:\/\/www.taptoebrussels.com\/wp-content\/uploads\/2018\/06\/rh13_LR-300x300.jpg","datePublished":"2018-06-20T08:26:34+00:00","dateModified":"2018-06-20T08:33:39+00:00","breadcrumb":{"@id":"https:\/\/www.taptoebrussels.com\/en\/red-hackle-pipe-band\/#breadcrumb"},"inLanguage":"fr-FR","potentialAction":[{"@type":"ReadAction","target":["https:\/\/www.taptoebrussels.com\/en\/red-hackle-pipe-band\/"]}]},{"@type":"ImageObject","inLanguage":"fr-FR","@id":"https:\/\/www.taptoebrussels.com\/en\/red-hackle-pipe-band\/#primaryimage","url":"https:\/\/www.taptoebrussels.com\/wp-content\/uploads\/2018\/06\/rh13_LR-300x300.jpg","contentUrl":"https:\/\/www.taptoebrussels.com\/wp-content\/uploads\/2018\/06\/rh13_LR-300x300.jpg"},{"@type":"BreadcrumbList","@id":"https:\/\/www.taptoebrussels.com\/en\/red-hackle-pipe-band\/#breadcrumb","itemListElement":[{"@type":"ListItem","position":1,"name":"Home","item":"https:\/\/www.taptoebrussels.com\/"},{"@type":"ListItem","position":2,"name":"(Nederlands) Red Hackle Pipe Band"}]},{"@type":"WebSite","@id":"https:\/\/www.taptoebrussels.com\/#website","url":"https:\/\/www.taptoebrussels.com\/","name":"","description":"","publisher":{"@id":"https:\/\/www.taptoebrussels.com\/#organization"},"potentialAction":[{"@type":"SearchAction","target":{"@type":"EntryPoint","urlTemplate":"https:\/\/www.taptoebrussels.com\/?s={search_term_string}"},"query-input":{"@type":"PropertyValueSpecification","valueRequired":true,"valueName":"search_term_string"}}],"inLanguage":"fr-FR"},{"@type":"Organization","@id":"https:\/\/www.taptoebrussels.com\/#organization","name":"Taptoe Brussels","url":"https:\/\/www.taptoebrussels.com\/","logo":{"@type":"ImageObject","inLanguage":"fr-FR","@id":"https:\/\/www.taptoebrussels.com\/#\/schema\/logo\/image\/","url":"https:\/\/www.taptoebrussels.com\/wp-content\/uploads\/2017\/10\/logo-Taptoe-Brussels-zonder-achtergrond.jpeg","contentUrl":"https:\/\/www.taptoebrussels.com\/wp-content\/uploads\/2017\/10\/logo-Taptoe-Brussels-zonder-achtergrond.jpeg","width":567,"height":426,"caption":"Taptoe Brussels"},"image":{"@id":"https:\/\/www.taptoebrussels.com\/#\/schema\/logo\/image\/"},"sameAs":["https:\/\/www.facebook.com\/TaptoeBrussels\/","https:\/\/www.youtube.com\/user\/muziekfederatie"]}]}},"jetpack_sharing_enabled":true,"_links":{"self":[{"href":"https:\/\/www.taptoebrussels.com\/fr\/wp-json\/wp\/v2\/pages\/2214","targetHints":{"allow":["GET"]}}],"collection":[{"href":"https:\/\/www.taptoebrussels.com\/fr\/wp-json\/wp\/v2\/pages"}],"about":[{"href":"https:\/\/www.taptoebrussels.com\/fr\/wp-json\/wp\/v2\/types\/page"}],"author":[{"embeddable":true,"href":"https:\/\/www.taptoebrussels.com\/fr\/wp-json\/wp\/v2\/users\/1"}],"replies":[{"embeddable":true,"href":"https:\/\/www.taptoebrussels.com\/fr\/wp-json\/wp\/v2\/comments?post=2214"}],"version-history":[{"count":2,"href":"https:\/\/www.taptoebrussels.com\/fr\/wp-json\/wp\/v2\/pages\/2214\/revisions"}],"predecessor-version":[{"id":2223,"href":"https:\/\/www.taptoebrussels.com\/fr\/wp-json\/wp\/v2\/pages\/2214\/revisions\/2223"}],"wp:attachment":[{"href":"https:\/\/www.taptoebrussels.com\/fr\/wp-json\/wp\/v2\/media?parent=2214"}],"curies":[{"name":"wp","href":"https:\/\/api.w.org\/{rel}","templated":true}]}}